{"id":19574,"date":"2022-11-05T11:56:53","date_gmt":"2022-11-05T16:56:53","guid":{"rendered":"https:\/\/manba.ca\/?post_type=product&#038;p=19574"},"modified":"2024-02-24T23:05:10","modified_gmt":"2024-02-25T04:05:10","slug":"chocomanba-beurre-darachide-au-chocolat-noir-piquant-cremeux-combo","status":"publish","type":"product","link":"https:\/\/manba.ca\/fr\/produit\/chocomanba-beurre-darachide-au-chocolat-noir-piquant-cremeux-combo\/","title":{"rendered":"ChocoManba &#8211; Beurre d\u2019arachide au chocolat noir piquant &#8211; Cr\u00e9meux (combo)"},"content":{"rendered":"<p><strong>ChocoManba est notre belle nouveaut\u00e9 !<\/strong><\/p>\n<div>Son nom le dit!<\/div>\n<div><\/div>\n<div>C&#8217;est incontestablement le beurre d&#8217;arachide au chocolat le plus d\u00e9licieux et nutritif au monde&#8230;\u00e0 m\u00eame voir de la galaxie! Ne contenant que 3 grammes de sucre par portion, ChocoManba est la collation parfaite pour les amateurs de beurre d&#8217;arachide \u00e0 la recherche d&#8217;une touche \u00e9pic\u00e9e et chocolat\u00e9e. Les ingr\u00e9dients sont faciles \u00e0 retenir! Les voici:<\/div>\n<ul>\n<li>Arachides de premi\u00e8re qualit\u00e9<\/li>\n<li>Chocolat noir<\/li>\n<li>Une pinc\u00e9e de piment fort&#8230; et rien d&#8217;autre.<\/li>\n<\/ul>\n<div>Wow! Oui mets-en! Nous sommes persuad\u00e9s qu&#8217;\u00e0 la prochaine randonn\u00e9e, ChocoManba se retrouvera dans votre bo\u00eete \u00e0 lunch. Pour nous, la meilleure fa\u00e7on de le savourer est tout simplement sur une bonne tranche de pain, des tranches de fruits, ou&#8230; comme les vrais de vrais, \u00e0 la cuill\u00e8re!<\/div>\n<div><\/div>\n<div>C&#8217;est simple, d\u00e9licieux, nutritif et \u00e9pic\u00e9. La belle vie quoi!<\/div>\n<div><\/div>\n<div>Du ChocoManba, mets-en!<\/div>\n<div><\/div>\n","protected":false},"excerpt":{"rendered":"<div>Fait \u00e0 Montr\u00e9al incluant des arachides r\u00f4ties \u00e0 sec, chocolat noir et piment fort. Ne contenant que 3 grammes de sucre par portion.<\/div>\n<div><\/div>\n<div><\/div>\n","protected":false},"featured_media":17269,"comment_status":"open","ping_status":"closed","template":"","meta":{"inline_featured_image":false},"product_brand":[],"product_cat":[202,245],"product_tag":[],"class_list":{"0":"post-19574","1":"product","2":"type-product","3":"status-publish","4":"has-post-thumbnail","6":"product_cat-cremeux","7":"product_cat-items-combo","9":"first","10":"instock","11":"virtual","12":"purchasable","13":"product-type-simple"},"yoast_head":"<!-- This site is optimized with the Yoast SEO plugin v27.5 - https:\/\/yoast.com\/product\/yoast-seo-wordpress\/ -->\n<title>ChocoManba - Beurre d\u2019arachide au chocolat noir piquant - Cr\u00e9meux (combo) - Manba The Spicy Peanut Butter<\/title>\n<meta name=\"robots\" content=\"index, follow, max-snippet:-1, max-image-preview:large, max-video-preview:-1\" \/>\n<link rel=\"canonical\" href=\"https:\/\/manba.ca\/fr\/produit\/chocomanba-beurre-darachide-au-chocolat-noir-piquant-cremeux-combo\/\" \/>\n<meta property=\"og:locale\" content=\"fr_CA\" \/>\n<meta property=\"og:type\" content=\"article\" \/>\n<meta property=\"og:title\" content=\"ChocoManba - Beurre d\u2019arachide au chocolat noir piquant - Cr\u00e9meux (combo) - Manba The Spicy Peanut Butter\" \/>\n<meta property=\"og:description\" content=\"Fait \u00e0 Montr\u00e9al incluant des arachides r\u00f4ties \u00e0 sec, chocolat noir et piment fort. Ne contenant que 3 grammes de sucre par portion.\" \/>\n<meta property=\"og:url\" content=\"https:\/\/manba.ca\/fr\/produit\/chocomanba-beurre-darachide-au-chocolat-noir-piquant-cremeux-combo\/\" \/>\n<meta property=\"og:site_name\" content=\"Manba The Spicy Peanut Butter\" \/>\n<meta property=\"article:publisher\" content=\"https:\/\/www.facebook.com\/manbaspicypeanutbutter\/\" \/>\n<meta property=\"article:modified_time\" content=\"2024-02-25T04:05:10+00:00\" \/>\n<meta property=\"og:image\" content=\"https:\/\/manba.ca\/wp-content\/uploads\/2020\/08\/chocomanba_single_rebrandWHITE-1-e1596663064945.png\" \/>\n\t<meta property=\"og:image:width\" content=\"912\" \/>\n\t<meta property=\"og:image:height\" content=\"912\" \/>\n\t<meta property=\"og:image:type\" content=\"image\/png\" \/>\n<meta name=\"twitter:card\" content=\"summary_large_image\" \/>\n<meta name=\"twitter:label1\" content=\"Estimation du temps de lecture\" \/>\n\t<meta name=\"twitter:data1\" content=\"1 minute\" \/>\n<script type=\"application\/ld+json\" class=\"yoast-schema-graph\">{\"@context\":\"https:\\\/\\\/schema.org\",\"@graph\":[{\"@type\":\"WebPage\",\"@id\":\"https:\\\/\\\/manba.ca\\\/fr\\\/produit\\\/chocomanba-beurre-darachide-au-chocolat-noir-piquant-cremeux-combo\\\/\",\"url\":\"https:\\\/\\\/manba.ca\\\/fr\\\/produit\\\/chocomanba-beurre-darachide-au-chocolat-noir-piquant-cremeux-combo\\\/\",\"name\":\"ChocoManba - Beurre d\u2019arachide au chocolat noir piquant - Cr\u00e9meux (combo) - Manba The Spicy Peanut Butter\",\"isPartOf\":{\"@id\":\"https:\\\/\\\/manba.ca\\\/fr\\\/#website\"},\"primaryImageOfPage\":{\"@id\":\"https:\\\/\\\/manba.ca\\\/fr\\\/produit\\\/chocomanba-beurre-darachide-au-chocolat-noir-piquant-cremeux-combo\\\/#primaryimage\"},\"image\":{\"@id\":\"https:\\\/\\\/manba.ca\\\/fr\\\/produit\\\/chocomanba-beurre-darachide-au-chocolat-noir-piquant-cremeux-combo\\\/#primaryimage\"},\"thumbnailUrl\":\"https:\\\/\\\/manba.ca\\\/wp-content\\\/uploads\\\/2020\\\/08\\\/chocomanba_single_rebrandWHITE-1-e1596663064945.png\",\"datePublished\":\"2022-11-05T16:56:53+00:00\",\"dateModified\":\"2024-02-25T04:05:10+00:00\",\"breadcrumb\":{\"@id\":\"https:\\\/\\\/manba.ca\\\/fr\\\/produit\\\/chocomanba-beurre-darachide-au-chocolat-noir-piquant-cremeux-combo\\\/#breadcrumb\"},\"inLanguage\":\"fr-CA\",\"potentialAction\":[{\"@type\":\"ReadAction\",\"target\":[\"https:\\\/\\\/manba.ca\\\/fr\\\/produit\\\/chocomanba-beurre-darachide-au-chocolat-noir-piquant-cremeux-combo\\\/\"]}]},{\"@type\":\"ImageObject\",\"inLanguage\":\"fr-CA\",\"@id\":\"https:\\\/\\\/manba.ca\\\/fr\\\/produit\\\/chocomanba-beurre-darachide-au-chocolat-noir-piquant-cremeux-combo\\\/#primaryimage\",\"url\":\"https:\\\/\\\/manba.ca\\\/wp-content\\\/uploads\\\/2020\\\/08\\\/chocomanba_single_rebrandWHITE-1-e1596663064945.png\",\"contentUrl\":\"https:\\\/\\\/manba.ca\\\/wp-content\\\/uploads\\\/2020\\\/08\\\/chocomanba_single_rebrandWHITE-1-e1596663064945.png\",\"width\":912,\"height\":912,\"caption\":\"ChocoManba - Beurre d\u2019arachide au chocolat noir piquant\"},{\"@type\":\"BreadcrumbList\",\"@id\":\"https:\\\/\\\/manba.ca\\\/fr\\\/produit\\\/chocomanba-beurre-darachide-au-chocolat-noir-piquant-cremeux-combo\\\/#breadcrumb\",\"itemListElement\":[{\"@type\":\"ListItem\",\"position\":1,\"name\":\"Boutique\",\"item\":\"https:\\\/\\\/manba.ca\\\/fr\\\/boutique\\\/\"},{\"@type\":\"ListItem\",\"position\":2,\"name\":\"ChocoManba &#8211; Beurre d\u2019arachide au chocolat noir piquant &#8211; Cr\u00e9meux (combo)\"}]},{\"@type\":\"WebSite\",\"@id\":\"https:\\\/\\\/manba.ca\\\/fr\\\/#website\",\"url\":\"https:\\\/\\\/manba.ca\\\/fr\\\/\",\"name\":\"Manba The Spicy Peanut Butter\",\"description\":\"Manba is Spicy\",\"publisher\":{\"@id\":\"https:\\\/\\\/manba.ca\\\/fr\\\/#organization\"},\"potentialAction\":[{\"@type\":\"SearchAction\",\"target\":{\"@type\":\"EntryPoint\",\"urlTemplate\":\"https:\\\/\\\/manba.ca\\\/fr\\\/?s={search_term_string}\"},\"query-input\":{\"@type\":\"PropertyValueSpecification\",\"valueRequired\":true,\"valueName\":\"search_term_string\"}}],\"inLanguage\":\"fr-CA\"},{\"@type\":\"Organization\",\"@id\":\"https:\\\/\\\/manba.ca\\\/fr\\\/#organization\",\"name\":\"Dumornay Delis\",\"url\":\"https:\\\/\\\/manba.ca\\\/fr\\\/\",\"logo\":{\"@type\":\"ImageObject\",\"inLanguage\":\"fr-CA\",\"@id\":\"https:\\\/\\\/manba.ca\\\/fr\\\/#\\\/schema\\\/logo\\\/image\\\/\",\"url\":\"https:\\\/\\\/manba.ca\\\/wp-content\\\/uploads\\\/2019\\\/07\\\/Logo-manba-b.png\",\"contentUrl\":\"https:\\\/\\\/manba.ca\\\/wp-content\\\/uploads\\\/2019\\\/07\\\/Logo-manba-b.png\",\"width\":269,\"height\":120,\"caption\":\"Dumornay Delis\"},\"image\":{\"@id\":\"https:\\\/\\\/manba.ca\\\/fr\\\/#\\\/schema\\\/logo\\\/image\\\/\"},\"sameAs\":[\"https:\\\/\\\/www.facebook.com\\\/manbaspicypeanutbutter\\\/\",\"https:\\\/\\\/www.instagram.com\\\/manba.ca\\\/\"]}]}<\/script>\n<!-- \/ Yoast SEO plugin. -->","yoast_head_json":{"title":"ChocoManba - Beurre d\u2019arachide au chocolat noir piquant - Cr\u00e9meux (combo) - Manba The Spicy Peanut Butter","robots":{"index":"index","follow":"follow","max-snippet":"max-snippet:-1","max-image-preview":"max-image-preview:large","max-video-preview":"max-video-preview:-1"},"canonical":"https:\/\/manba.ca\/fr\/produit\/chocomanba-beurre-darachide-au-chocolat-noir-piquant-cremeux-combo\/","og_locale":"fr_CA","og_type":"article","og_title":"ChocoManba - Beurre d\u2019arachide au chocolat noir piquant - Cr\u00e9meux (combo) - Manba The Spicy Peanut Butter","og_description":"Fait \u00e0 Montr\u00e9al incluant des arachides r\u00f4ties \u00e0 sec, chocolat noir et piment fort. Ne contenant que 3 grammes de sucre par portion.","og_url":"https:\/\/manba.ca\/fr\/produit\/chocomanba-beurre-darachide-au-chocolat-noir-piquant-cremeux-combo\/","og_site_name":"Manba The Spicy Peanut Butter","article_publisher":"https:\/\/www.facebook.com\/manbaspicypeanutbutter\/","article_modified_time":"2024-02-25T04:05:10+00:00","og_image":[{"width":912,"height":912,"url":"https:\/\/manba.ca\/wp-content\/uploads\/2020\/08\/chocomanba_single_rebrandWHITE-1-e1596663064945.png","type":"image\/png"}],"twitter_card":"summary_large_image","twitter_misc":{"Estimation du temps de lecture":"1 minute"},"schema":{"@context":"https:\/\/schema.org","@graph":[{"@type":"WebPage","@id":"https:\/\/manba.ca\/fr\/produit\/chocomanba-beurre-darachide-au-chocolat-noir-piquant-cremeux-combo\/","url":"https:\/\/manba.ca\/fr\/produit\/chocomanba-beurre-darachide-au-chocolat-noir-piquant-cremeux-combo\/","name":"ChocoManba - Beurre d\u2019arachide au chocolat noir piquant - Cr\u00e9meux (combo) - Manba The Spicy Peanut Butter","isPartOf":{"@id":"https:\/\/manba.ca\/fr\/#website"},"primaryImageOfPage":{"@id":"https:\/\/manba.ca\/fr\/produit\/chocomanba-beurre-darachide-au-chocolat-noir-piquant-cremeux-combo\/#primaryimage"},"image":{"@id":"https:\/\/manba.ca\/fr\/produit\/chocomanba-beurre-darachide-au-chocolat-noir-piquant-cremeux-combo\/#primaryimage"},"thumbnailUrl":"https:\/\/manba.ca\/wp-content\/uploads\/2020\/08\/chocomanba_single_rebrandWHITE-1-e1596663064945.png","datePublished":"2022-11-05T16:56:53+00:00","dateModified":"2024-02-25T04:05:10+00:00","breadcrumb":{"@id":"https:\/\/manba.ca\/fr\/produit\/chocomanba-beurre-darachide-au-chocolat-noir-piquant-cremeux-combo\/#breadcrumb"},"inLanguage":"fr-CA","potentialAction":[{"@type":"ReadAction","target":["https:\/\/manba.ca\/fr\/produit\/chocomanba-beurre-darachide-au-chocolat-noir-piquant-cremeux-combo\/"]}]},{"@type":"ImageObject","inLanguage":"fr-CA","@id":"https:\/\/manba.ca\/fr\/produit\/chocomanba-beurre-darachide-au-chocolat-noir-piquant-cremeux-combo\/#primaryimage","url":"https:\/\/manba.ca\/wp-content\/uploads\/2020\/08\/chocomanba_single_rebrandWHITE-1-e1596663064945.png","contentUrl":"https:\/\/manba.ca\/wp-content\/uploads\/2020\/08\/chocomanba_single_rebrandWHITE-1-e1596663064945.png","width":912,"height":912,"caption":"ChocoManba - Beurre d\u2019arachide au chocolat noir piquant"},{"@type":"BreadcrumbList","@id":"https:\/\/manba.ca\/fr\/produit\/chocomanba-beurre-darachide-au-chocolat-noir-piquant-cremeux-combo\/#breadcrumb","itemListElement":[{"@type":"ListItem","position":1,"name":"Boutique","item":"https:\/\/manba.ca\/fr\/boutique\/"},{"@type":"ListItem","position":2,"name":"ChocoManba &#8211; Beurre d\u2019arachide au chocolat noir piquant &#8211; Cr\u00e9meux (combo)"}]},{"@type":"WebSite","@id":"https:\/\/manba.ca\/fr\/#website","url":"https:\/\/manba.ca\/fr\/","name":"Manba The Spicy Peanut Butter","description":"Manba is Spicy","publisher":{"@id":"https:\/\/manba.ca\/fr\/#organization"},"potentialAction":[{"@type":"SearchAction","target":{"@type":"EntryPoint","urlTemplate":"https:\/\/manba.ca\/fr\/?s={search_term_string}"},"query-input":{"@type":"PropertyValueSpecification","valueRequired":true,"valueName":"search_term_string"}}],"inLanguage":"fr-CA"},{"@type":"Organization","@id":"https:\/\/manba.ca\/fr\/#organization","name":"Dumornay Delis","url":"https:\/\/manba.ca\/fr\/","logo":{"@type":"ImageObject","inLanguage":"fr-CA","@id":"https:\/\/manba.ca\/fr\/#\/schema\/logo\/image\/","url":"https:\/\/manba.ca\/wp-content\/uploads\/2019\/07\/Logo-manba-b.png","contentUrl":"https:\/\/manba.ca\/wp-content\/uploads\/2019\/07\/Logo-manba-b.png","width":269,"height":120,"caption":"Dumornay Delis"},"image":{"@id":"https:\/\/manba.ca\/fr\/#\/schema\/logo\/image\/"},"sameAs":["https:\/\/www.facebook.com\/manbaspicypeanutbutter\/","https:\/\/www.instagram.com\/manba.ca\/"]}]}},"_links":{"self":[{"href":"https:\/\/manba.ca\/fr\/wp-json\/wp\/v2\/product\/19574","targetHints":{"allow":["GET"]}}],"collection":[{"href":"https:\/\/manba.ca\/fr\/wp-json\/wp\/v2\/product"}],"about":[{"href":"https:\/\/manba.ca\/fr\/wp-json\/wp\/v2\/types\/product"}],"replies":[{"embeddable":true,"href":"https:\/\/manba.ca\/fr\/wp-json\/wp\/v2\/comments?post=19574"}],"wp:featuredmedia":[{"embeddable":true,"href":"https:\/\/manba.ca\/fr\/wp-json\/wp\/v2\/media\/17269"}],"wp:attachment":[{"href":"https:\/\/manba.ca\/fr\/wp-json\/wp\/v2\/media?parent=19574"}],"wp:term":[{"taxonomy":"product_brand","embeddable":true,"href":"https:\/\/manba.ca\/fr\/wp-json\/wp\/v2\/product_brand?post=19574"},{"taxonomy":"product_cat","embeddable":true,"href":"https:\/\/manba.ca\/fr\/wp-json\/wp\/v2\/product_cat?post=19574"},{"taxonomy":"product_tag","embeddable":true,"href":"https:\/\/manba.ca\/fr\/wp-json\/wp\/v2\/product_tag?post=19574"}],"curies":[{"name":"wp","href":"https:\/\/api.w.org\/{rel}","templated":true}]}}