{"id":19545,"date":"2022-10-26T16:03:10","date_gmt":"2022-10-26T21:03:11","guid":{"rendered":"https:\/\/manba.ca\/?post_type=product&#038;p=19545"},"modified":"2022-11-04T22:30:59","modified_gmt":"2022-11-05T03:30:59","slug":"beurre-darachide-manba-classique-croquant-combo","status":"publish","type":"product","link":"https:\/\/manba.ca\/fr\/produit\/beurre-darachide-manba-classique-croquant-combo\/","title":{"rendered":"Beurre d&#8217;arachide Manba &#8211; Classique &#8211; Croquant (combo)"},"content":{"rendered":"<p>Manba Classique est la version raffine\u0301e du beurre d\u2019arachide traditionnel, pour les amateurs de beurre d\u2019arachide, les familles et les enfants qui veulent en manger a\u0300 toute heure de la journe\u0301e! Les ingr\u00e9dients comprennent des arachides r\u00f4ties \u00e0 sec, sucre de canne biologique, et sel de mer. Peut contenir des traces de noix.<\/p>\n<p>&nbsp;<\/p>\n","protected":false},"excerpt":{"rendered":"<p>Manba Classique est la version raffine\u0301e du beurre d\u2019arachide traditionnel, pour les amateurs de beurre d\u2019arachide, les familles et les enfants qui veulent en manger a\u0300 toute heure de la journe\u0301e! Les ingr\u00e9dients comprennent des arachides r\u00f4ties \u00e0 sec, sucre de canne biologique, et sel de mer. Peut contenir des traces de noix.<\/p>\n<p>&nbsp;<\/p>\n<p>&nbsp;<\/p>\n","protected":false},"featured_media":11162,"comment_status":"open","ping_status":"closed","template":"","meta":{"inline_featured_image":false},"product_brand":[],"product_cat":[215,201,245],"product_tag":[],"class_list":{"0":"post-19545","1":"product","2":"type-product","3":"status-publish","4":"has-post-thumbnail","6":"product_cat-classique","7":"product_cat-croquant","8":"product_cat-items-combo","10":"first","11":"instock","12":"virtual","13":"purchasable","14":"product-type-simple"},"yoast_head":"<!-- This site is optimized with the Yoast SEO plugin v27.3 - https:\/\/yoast.com\/product\/yoast-seo-wordpress\/ -->\n<title>Beurre d&#039;arachide Manba - Classique - Croquant (combo) - Manba The Spicy Peanut Butter<\/title>\n<meta name=\"robots\" content=\"index, follow, max-snippet:-1, max-image-preview:large, max-video-preview:-1\" \/>\n<link rel=\"canonical\" href=\"https:\/\/manba.ca\/fr\/produit\/beurre-darachide-manba-classique-croquant-combo\/\" \/>\n<meta property=\"og:locale\" content=\"fr_CA\" \/>\n<meta property=\"og:type\" content=\"article\" \/>\n<meta property=\"og:title\" content=\"Beurre d&#039;arachide Manba - Classique - Croquant (combo) - Manba The Spicy Peanut Butter\" \/>\n<meta property=\"og:description\" content=\"Manba Classique est la version raffine\u0301e du beurre d\u2019arachide traditionnel, pour les amateurs de beurre d\u2019arachide, les familles et les enfants qui veulent en manger a\u0300 toute heure de la journe\u0301e! Les ingr\u00e9dients comprennent des arachides r\u00f4ties \u00e0 sec, sucre de canne biologique, et sel de mer. Peut contenir des traces de noix.  &nbsp;  &nbsp;\" \/>\n<meta property=\"og:url\" content=\"https:\/\/manba.ca\/fr\/produit\/beurre-darachide-manba-classique-croquant-combo\/\" \/>\n<meta property=\"og:site_name\" content=\"Manba The Spicy Peanut Butter\" \/>\n<meta property=\"article:publisher\" content=\"https:\/\/www.facebook.com\/manbaspicypeanutbutter\/\" \/>\n<meta property=\"article:modified_time\" content=\"2022-11-05T03:30:59+00:00\" \/>\n<meta property=\"og:image\" content=\"https:\/\/manba.ca\/wp-content\/uploads\/2019\/10\/New-manba-Classic-Crunchy.jpg\" \/>\n\t<meta property=\"og:image:width\" content=\"912\" \/>\n\t<meta property=\"og:image:height\" content=\"912\" \/>\n\t<meta property=\"og:image:type\" content=\"image\/jpeg\" \/>\n<meta name=\"twitter:card\" content=\"summary_large_image\" \/>\n<meta name=\"twitter:label1\" content=\"Estimation du temps de lecture\" \/>\n\t<meta name=\"twitter:data1\" content=\"1 minute\" \/>\n<script type=\"application\/ld+json\" class=\"yoast-schema-graph\">{\"@context\":\"https:\\\/\\\/schema.org\",\"@graph\":[{\"@type\":\"WebPage\",\"@id\":\"https:\\\/\\\/manba.ca\\\/fr\\\/produit\\\/beurre-darachide-manba-classique-croquant-combo\\\/\",\"url\":\"https:\\\/\\\/manba.ca\\\/fr\\\/produit\\\/beurre-darachide-manba-classique-croquant-combo\\\/\",\"name\":\"Beurre d'arachide Manba - Classique - Croquant (combo) - Manba The Spicy Peanut Butter\",\"isPartOf\":{\"@id\":\"https:\\\/\\\/manba.ca\\\/fr\\\/#website\"},\"primaryImageOfPage\":{\"@id\":\"https:\\\/\\\/manba.ca\\\/fr\\\/produit\\\/beurre-darachide-manba-classique-croquant-combo\\\/#primaryimage\"},\"image\":{\"@id\":\"https:\\\/\\\/manba.ca\\\/fr\\\/produit\\\/beurre-darachide-manba-classique-croquant-combo\\\/#primaryimage\"},\"thumbnailUrl\":\"https:\\\/\\\/manba.ca\\\/wp-content\\\/uploads\\\/2019\\\/10\\\/New-manba-Classic-Crunchy.jpg\",\"datePublished\":\"2022-10-26T21:03:11+00:00\",\"dateModified\":\"2022-11-05T03:30:59+00:00\",\"breadcrumb\":{\"@id\":\"https:\\\/\\\/manba.ca\\\/fr\\\/produit\\\/beurre-darachide-manba-classique-croquant-combo\\\/#breadcrumb\"},\"inLanguage\":\"fr-CA\",\"potentialAction\":[{\"@type\":\"ReadAction\",\"target\":[\"https:\\\/\\\/manba.ca\\\/fr\\\/produit\\\/beurre-darachide-manba-classique-croquant-combo\\\/\"]}]},{\"@type\":\"ImageObject\",\"inLanguage\":\"fr-CA\",\"@id\":\"https:\\\/\\\/manba.ca\\\/fr\\\/produit\\\/beurre-darachide-manba-classique-croquant-combo\\\/#primaryimage\",\"url\":\"https:\\\/\\\/manba.ca\\\/wp-content\\\/uploads\\\/2019\\\/10\\\/New-manba-Classic-Crunchy.jpg\",\"contentUrl\":\"https:\\\/\\\/manba.ca\\\/wp-content\\\/uploads\\\/2019\\\/10\\\/New-manba-Classic-Crunchy.jpg\",\"width\":912,\"height\":912,\"caption\":\"Manba Classic Crunchy\"},{\"@type\":\"BreadcrumbList\",\"@id\":\"https:\\\/\\\/manba.ca\\\/fr\\\/produit\\\/beurre-darachide-manba-classique-croquant-combo\\\/#breadcrumb\",\"itemListElement\":[{\"@type\":\"ListItem\",\"position\":1,\"name\":\"Boutique\",\"item\":\"https:\\\/\\\/manba.ca\\\/fr\\\/boutique\\\/\"},{\"@type\":\"ListItem\",\"position\":2,\"name\":\"Beurre d&#8217;arachide Manba &#8211; Classique &#8211; Croquant (combo)\"}]},{\"@type\":\"WebSite\",\"@id\":\"https:\\\/\\\/manba.ca\\\/fr\\\/#website\",\"url\":\"https:\\\/\\\/manba.ca\\\/fr\\\/\",\"name\":\"Manba The Spicy Peanut Butter\",\"description\":\"Manba is Spicy\",\"publisher\":{\"@id\":\"https:\\\/\\\/manba.ca\\\/fr\\\/#organization\"},\"potentialAction\":[{\"@type\":\"SearchAction\",\"target\":{\"@type\":\"EntryPoint\",\"urlTemplate\":\"https:\\\/\\\/manba.ca\\\/fr\\\/?s={search_term_string}\"},\"query-input\":{\"@type\":\"PropertyValueSpecification\",\"valueRequired\":true,\"valueName\":\"search_term_string\"}}],\"inLanguage\":\"fr-CA\"},{\"@type\":\"Organization\",\"@id\":\"https:\\\/\\\/manba.ca\\\/fr\\\/#organization\",\"name\":\"Dumornay Delis\",\"url\":\"https:\\\/\\\/manba.ca\\\/fr\\\/\",\"logo\":{\"@type\":\"ImageObject\",\"inLanguage\":\"fr-CA\",\"@id\":\"https:\\\/\\\/manba.ca\\\/fr\\\/#\\\/schema\\\/logo\\\/image\\\/\",\"url\":\"https:\\\/\\\/manba.ca\\\/wp-content\\\/uploads\\\/2019\\\/07\\\/Logo-manba-b.png\",\"contentUrl\":\"https:\\\/\\\/manba.ca\\\/wp-content\\\/uploads\\\/2019\\\/07\\\/Logo-manba-b.png\",\"width\":269,\"height\":120,\"caption\":\"Dumornay Delis\"},\"image\":{\"@id\":\"https:\\\/\\\/manba.ca\\\/fr\\\/#\\\/schema\\\/logo\\\/image\\\/\"},\"sameAs\":[\"https:\\\/\\\/www.facebook.com\\\/manbaspicypeanutbutter\\\/\",\"https:\\\/\\\/www.instagram.com\\\/manba.ca\\\/\"]}]}<\/script>\n<!-- \/ Yoast SEO plugin. -->","yoast_head_json":{"title":"Beurre d'arachide Manba - Classique - Croquant (combo) - Manba The Spicy Peanut Butter","robots":{"index":"index","follow":"follow","max-snippet":"max-snippet:-1","max-image-preview":"max-image-preview:large","max-video-preview":"max-video-preview:-1"},"canonical":"https:\/\/manba.ca\/fr\/produit\/beurre-darachide-manba-classique-croquant-combo\/","og_locale":"fr_CA","og_type":"article","og_title":"Beurre d'arachide Manba - Classique - Croquant (combo) - Manba The Spicy Peanut Butter","og_description":"Manba Classique est la version raffine\u0301e du beurre d\u2019arachide traditionnel, pour les amateurs de beurre d\u2019arachide, les familles et les enfants qui veulent en manger a\u0300 toute heure de la journe\u0301e! Les ingr\u00e9dients comprennent des arachides r\u00f4ties \u00e0 sec, sucre de canne biologique, et sel de mer. Peut contenir des traces de noix.  &nbsp;  &nbsp;","og_url":"https:\/\/manba.ca\/fr\/produit\/beurre-darachide-manba-classique-croquant-combo\/","og_site_name":"Manba The Spicy Peanut Butter","article_publisher":"https:\/\/www.facebook.com\/manbaspicypeanutbutter\/","article_modified_time":"2022-11-05T03:30:59+00:00","og_image":[{"width":912,"height":912,"url":"https:\/\/manba.ca\/wp-content\/uploads\/2019\/10\/New-manba-Classic-Crunchy.jpg","type":"image\/jpeg"}],"twitter_card":"summary_large_image","twitter_misc":{"Estimation du temps de lecture":"1 minute"},"schema":{"@context":"https:\/\/schema.org","@graph":[{"@type":"WebPage","@id":"https:\/\/manba.ca\/fr\/produit\/beurre-darachide-manba-classique-croquant-combo\/","url":"https:\/\/manba.ca\/fr\/produit\/beurre-darachide-manba-classique-croquant-combo\/","name":"Beurre d'arachide Manba - Classique - Croquant (combo) - Manba The Spicy Peanut Butter","isPartOf":{"@id":"https:\/\/manba.ca\/fr\/#website"},"primaryImageOfPage":{"@id":"https:\/\/manba.ca\/fr\/produit\/beurre-darachide-manba-classique-croquant-combo\/#primaryimage"},"image":{"@id":"https:\/\/manba.ca\/fr\/produit\/beurre-darachide-manba-classique-croquant-combo\/#primaryimage"},"thumbnailUrl":"https:\/\/manba.ca\/wp-content\/uploads\/2019\/10\/New-manba-Classic-Crunchy.jpg","datePublished":"2022-10-26T21:03:11+00:00","dateModified":"2022-11-05T03:30:59+00:00","breadcrumb":{"@id":"https:\/\/manba.ca\/fr\/produit\/beurre-darachide-manba-classique-croquant-combo\/#breadcrumb"},"inLanguage":"fr-CA","potentialAction":[{"@type":"ReadAction","target":["https:\/\/manba.ca\/fr\/produit\/beurre-darachide-manba-classique-croquant-combo\/"]}]},{"@type":"ImageObject","inLanguage":"fr-CA","@id":"https:\/\/manba.ca\/fr\/produit\/beurre-darachide-manba-classique-croquant-combo\/#primaryimage","url":"https:\/\/manba.ca\/wp-content\/uploads\/2019\/10\/New-manba-Classic-Crunchy.jpg","contentUrl":"https:\/\/manba.ca\/wp-content\/uploads\/2019\/10\/New-manba-Classic-Crunchy.jpg","width":912,"height":912,"caption":"Manba Classic Crunchy"},{"@type":"BreadcrumbList","@id":"https:\/\/manba.ca\/fr\/produit\/beurre-darachide-manba-classique-croquant-combo\/#breadcrumb","itemListElement":[{"@type":"ListItem","position":1,"name":"Boutique","item":"https:\/\/manba.ca\/fr\/boutique\/"},{"@type":"ListItem","position":2,"name":"Beurre d&#8217;arachide Manba &#8211; Classique &#8211; Croquant (combo)"}]},{"@type":"WebSite","@id":"https:\/\/manba.ca\/fr\/#website","url":"https:\/\/manba.ca\/fr\/","name":"Manba The Spicy Peanut Butter","description":"Manba is Spicy","publisher":{"@id":"https:\/\/manba.ca\/fr\/#organization"},"potentialAction":[{"@type":"SearchAction","target":{"@type":"EntryPoint","urlTemplate":"https:\/\/manba.ca\/fr\/?s={search_term_string}"},"query-input":{"@type":"PropertyValueSpecification","valueRequired":true,"valueName":"search_term_string"}}],"inLanguage":"fr-CA"},{"@type":"Organization","@id":"https:\/\/manba.ca\/fr\/#organization","name":"Dumornay Delis","url":"https:\/\/manba.ca\/fr\/","logo":{"@type":"ImageObject","inLanguage":"fr-CA","@id":"https:\/\/manba.ca\/fr\/#\/schema\/logo\/image\/","url":"https:\/\/manba.ca\/wp-content\/uploads\/2019\/07\/Logo-manba-b.png","contentUrl":"https:\/\/manba.ca\/wp-content\/uploads\/2019\/07\/Logo-manba-b.png","width":269,"height":120,"caption":"Dumornay Delis"},"image":{"@id":"https:\/\/manba.ca\/fr\/#\/schema\/logo\/image\/"},"sameAs":["https:\/\/www.facebook.com\/manbaspicypeanutbutter\/","https:\/\/www.instagram.com\/manba.ca\/"]}]}},"_links":{"self":[{"href":"https:\/\/manba.ca\/fr\/wp-json\/wp\/v2\/product\/19545","targetHints":{"allow":["GET"]}}],"collection":[{"href":"https:\/\/manba.ca\/fr\/wp-json\/wp\/v2\/product"}],"about":[{"href":"https:\/\/manba.ca\/fr\/wp-json\/wp\/v2\/types\/product"}],"replies":[{"embeddable":true,"href":"https:\/\/manba.ca\/fr\/wp-json\/wp\/v2\/comments?post=19545"}],"wp:featuredmedia":[{"embeddable":true,"href":"https:\/\/manba.ca\/fr\/wp-json\/wp\/v2\/media\/11162"}],"wp:attachment":[{"href":"https:\/\/manba.ca\/fr\/wp-json\/wp\/v2\/media?parent=19545"}],"wp:term":[{"taxonomy":"product_brand","embeddable":true,"href":"https:\/\/manba.ca\/fr\/wp-json\/wp\/v2\/product_brand?post=19545"},{"taxonomy":"product_cat","embeddable":true,"href":"https:\/\/manba.ca\/fr\/wp-json\/wp\/v2\/product_cat?post=19545"},{"taxonomy":"product_tag","embeddable":true,"href":"https:\/\/manba.ca\/fr\/wp-json\/wp\/v2\/product_tag?post=19545"}],"curies":[{"name":"wp","href":"https:\/\/api.w.org\/{rel}","templated":true}]}}