{"id":1736,"date":"2019-10-20T13:30:05","date_gmt":"2018-11-13T18:30:05","guid":{"rendered":"https:\/\/manba.ca\/?post_type=product&#038;p=1736"},"modified":"2025-04-16T18:27:31","modified_gmt":"2025-04-16T22:27:31","slug":"6-pots-de-manba","status":"publish","type":"product","link":"https:\/\/manba.ca\/fr\/produit\/6-pots-de-manba\/","title":{"rendered":"6 pots de Manba"},"content":{"rendered":"<p>Choisissez 6 pots et ajoutez-les \u00e0 votre panier.<\/p>\n","protected":false},"excerpt":{"rendered":"<p>Choisissez 6 pots et ajoutez-les \u00e0 votre panier.<\/p>\n<h2>* Livraison incluse.<\/h2>\n<p>Les clients r\u00e9sidant dans des endroits \u00e9loign\u00e9s (qui n\u00e9cessitent des frais de livraison sup\u00e9rieurs \u00e0 la moyenne) peuvent \u00eatre amen\u00e9s \u00e0 payer des frais de livraison suppl\u00e9mentaires. Ces clients seront inform\u00e9s par e-mail.<\/p>\n","protected":false},"featured_media":11475,"comment_status":"open","ping_status":"closed","template":"","meta":{"inline_featured_image":false},"product_brand":[157],"product_cat":[111],"product_tag":[],"class_list":{"0":"post-1736","1":"product","2":"type-product","3":"status-publish","4":"has-post-thumbnail","6":"product_brand-manba","7":"product_cat-combos","9":"first","10":"instock","11":"sale","12":"purchasable","13":"product-type-mix-and-match"},"yoast_head":"<!-- This site is optimized with the Yoast SEO plugin v27.4 - https:\/\/yoast.com\/product\/yoast-seo-wordpress\/ -->\n<title>6 pots de Manba - Manba The Spicy Peanut Butter<\/title>\n<meta name=\"robots\" content=\"index, follow, max-snippet:-1, max-image-preview:large, max-video-preview:-1\" \/>\n<link rel=\"canonical\" href=\"https:\/\/manba.ca\/fr\/produit\/6-pots-de-manba\/\" \/>\n<meta property=\"og:locale\" content=\"fr_CA\" \/>\n<meta property=\"og:type\" content=\"article\" \/>\n<meta property=\"og:title\" content=\"6 pots de Manba - Manba The Spicy Peanut Butter\" \/>\n<meta property=\"og:description\" content=\"Choisissez 6 pots et ajoutez-les \u00e0 votre panier. * Livraison incluse. Les clients r\u00e9sidant dans des endroits \u00e9loign\u00e9s (qui n\u00e9cessitent des frais de livraison sup\u00e9rieurs \u00e0 la moyenne) peuvent \u00eatre amen\u00e9s \u00e0 payer des frais de livraison suppl\u00e9mentaires. Ces clients seront inform\u00e9s par e-mail.\" \/>\n<meta property=\"og:url\" content=\"https:\/\/manba.ca\/fr\/produit\/6-pots-de-manba\/\" \/>\n<meta property=\"og:site_name\" content=\"Manba The Spicy Peanut Butter\" \/>\n<meta property=\"article:publisher\" content=\"https:\/\/www.facebook.com\/manbaspicypeanutbutter\/\" \/>\n<meta property=\"article:modified_time\" content=\"2025-04-16T22:27:31+00:00\" \/>\n<meta property=\"og:image\" content=\"https:\/\/manba.ca\/wp-content\/uploads\/2018\/11\/6-jars-new-label-manba.jpg\" \/>\n\t<meta property=\"og:image:width\" content=\"1000\" \/>\n\t<meta property=\"og:image:height\" content=\"1000\" \/>\n\t<meta property=\"og:image:type\" content=\"image\/jpeg\" \/>\n<meta name=\"twitter:card\" content=\"summary_large_image\" \/>\n<meta name=\"twitter:label1\" content=\"Estimation du temps de lecture\" \/>\n\t<meta name=\"twitter:data1\" content=\"1 minute\" \/>\n<script type=\"application\/ld+json\" class=\"yoast-schema-graph\">{\"@context\":\"https:\\\/\\\/schema.org\",\"@graph\":[{\"@type\":\"WebPage\",\"@id\":\"https:\\\/\\\/manba.ca\\\/fr\\\/produit\\\/6-pots-de-manba\\\/\",\"url\":\"https:\\\/\\\/manba.ca\\\/fr\\\/produit\\\/6-pots-de-manba\\\/\",\"name\":\"6 pots de Manba - Manba The Spicy Peanut Butter\",\"isPartOf\":{\"@id\":\"https:\\\/\\\/manba.ca\\\/fr\\\/#website\"},\"primaryImageOfPage\":{\"@id\":\"https:\\\/\\\/manba.ca\\\/fr\\\/produit\\\/6-pots-de-manba\\\/#primaryimage\"},\"image\":{\"@id\":\"https:\\\/\\\/manba.ca\\\/fr\\\/produit\\\/6-pots-de-manba\\\/#primaryimage\"},\"thumbnailUrl\":\"https:\\\/\\\/manba.ca\\\/wp-content\\\/uploads\\\/2018\\\/11\\\/6-jars-new-label-manba.jpg\",\"datePublished\":\"2018-11-13T18:30:05+00:00\",\"dateModified\":\"2025-04-16T22:27:31+00:00\",\"breadcrumb\":{\"@id\":\"https:\\\/\\\/manba.ca\\\/fr\\\/produit\\\/6-pots-de-manba\\\/#breadcrumb\"},\"inLanguage\":\"fr-CA\",\"potentialAction\":[{\"@type\":\"ReadAction\",\"target\":[\"https:\\\/\\\/manba.ca\\\/fr\\\/produit\\\/6-pots-de-manba\\\/\"]}]},{\"@type\":\"ImageObject\",\"inLanguage\":\"fr-CA\",\"@id\":\"https:\\\/\\\/manba.ca\\\/fr\\\/produit\\\/6-pots-de-manba\\\/#primaryimage\",\"url\":\"https:\\\/\\\/manba.ca\\\/wp-content\\\/uploads\\\/2018\\\/11\\\/6-jars-new-label-manba.jpg\",\"contentUrl\":\"https:\\\/\\\/manba.ca\\\/wp-content\\\/uploads\\\/2018\\\/11\\\/6-jars-new-label-manba.jpg\",\"width\":1000,\"height\":1000,\"caption\":\"Six Jars of Manba Peanut Butter\"},{\"@type\":\"BreadcrumbList\",\"@id\":\"https:\\\/\\\/manba.ca\\\/fr\\\/produit\\\/6-pots-de-manba\\\/#breadcrumb\",\"itemListElement\":[{\"@type\":\"ListItem\",\"position\":1,\"name\":\"Boutique\",\"item\":\"https:\\\/\\\/manba.ca\\\/fr\\\/boutique\\\/\"},{\"@type\":\"ListItem\",\"position\":2,\"name\":\"6 pots de Manba\"}]},{\"@type\":\"WebSite\",\"@id\":\"https:\\\/\\\/manba.ca\\\/fr\\\/#website\",\"url\":\"https:\\\/\\\/manba.ca\\\/fr\\\/\",\"name\":\"Manba The Spicy Peanut Butter\",\"description\":\"Manba is Spicy\",\"publisher\":{\"@id\":\"https:\\\/\\\/manba.ca\\\/fr\\\/#organization\"},\"potentialAction\":[{\"@type\":\"SearchAction\",\"target\":{\"@type\":\"EntryPoint\",\"urlTemplate\":\"https:\\\/\\\/manba.ca\\\/fr\\\/?s={search_term_string}\"},\"query-input\":{\"@type\":\"PropertyValueSpecification\",\"valueRequired\":true,\"valueName\":\"search_term_string\"}}],\"inLanguage\":\"fr-CA\"},{\"@type\":\"Organization\",\"@id\":\"https:\\\/\\\/manba.ca\\\/fr\\\/#organization\",\"name\":\"Dumornay Delis\",\"url\":\"https:\\\/\\\/manba.ca\\\/fr\\\/\",\"logo\":{\"@type\":\"ImageObject\",\"inLanguage\":\"fr-CA\",\"@id\":\"https:\\\/\\\/manba.ca\\\/fr\\\/#\\\/schema\\\/logo\\\/image\\\/\",\"url\":\"https:\\\/\\\/manba.ca\\\/wp-content\\\/uploads\\\/2019\\\/07\\\/Logo-manba-b.png\",\"contentUrl\":\"https:\\\/\\\/manba.ca\\\/wp-content\\\/uploads\\\/2019\\\/07\\\/Logo-manba-b.png\",\"width\":269,\"height\":120,\"caption\":\"Dumornay Delis\"},\"image\":{\"@id\":\"https:\\\/\\\/manba.ca\\\/fr\\\/#\\\/schema\\\/logo\\\/image\\\/\"},\"sameAs\":[\"https:\\\/\\\/www.facebook.com\\\/manbaspicypeanutbutter\\\/\",\"https:\\\/\\\/www.instagram.com\\\/manba.ca\\\/\"]}]}<\/script>\n<!-- \/ Yoast SEO plugin. -->","yoast_head_json":{"title":"6 pots de Manba - Manba The Spicy Peanut Butter","robots":{"index":"index","follow":"follow","max-snippet":"max-snippet:-1","max-image-preview":"max-image-preview:large","max-video-preview":"max-video-preview:-1"},"canonical":"https:\/\/manba.ca\/fr\/produit\/6-pots-de-manba\/","og_locale":"fr_CA","og_type":"article","og_title":"6 pots de Manba - Manba The Spicy Peanut Butter","og_description":"Choisissez 6 pots et ajoutez-les \u00e0 votre panier. * Livraison incluse. Les clients r\u00e9sidant dans des endroits \u00e9loign\u00e9s (qui n\u00e9cessitent des frais de livraison sup\u00e9rieurs \u00e0 la moyenne) peuvent \u00eatre amen\u00e9s \u00e0 payer des frais de livraison suppl\u00e9mentaires. Ces clients seront inform\u00e9s par e-mail.","og_url":"https:\/\/manba.ca\/fr\/produit\/6-pots-de-manba\/","og_site_name":"Manba The Spicy Peanut Butter","article_publisher":"https:\/\/www.facebook.com\/manbaspicypeanutbutter\/","article_modified_time":"2025-04-16T22:27:31+00:00","og_image":[{"width":1000,"height":1000,"url":"https:\/\/manba.ca\/wp-content\/uploads\/2018\/11\/6-jars-new-label-manba.jpg","type":"image\/jpeg"}],"twitter_card":"summary_large_image","twitter_misc":{"Estimation du temps de lecture":"1 minute"},"schema":{"@context":"https:\/\/schema.org","@graph":[{"@type":"WebPage","@id":"https:\/\/manba.ca\/fr\/produit\/6-pots-de-manba\/","url":"https:\/\/manba.ca\/fr\/produit\/6-pots-de-manba\/","name":"6 pots de Manba - Manba The Spicy Peanut Butter","isPartOf":{"@id":"https:\/\/manba.ca\/fr\/#website"},"primaryImageOfPage":{"@id":"https:\/\/manba.ca\/fr\/produit\/6-pots-de-manba\/#primaryimage"},"image":{"@id":"https:\/\/manba.ca\/fr\/produit\/6-pots-de-manba\/#primaryimage"},"thumbnailUrl":"https:\/\/manba.ca\/wp-content\/uploads\/2018\/11\/6-jars-new-label-manba.jpg","datePublished":"2018-11-13T18:30:05+00:00","dateModified":"2025-04-16T22:27:31+00:00","breadcrumb":{"@id":"https:\/\/manba.ca\/fr\/produit\/6-pots-de-manba\/#breadcrumb"},"inLanguage":"fr-CA","potentialAction":[{"@type":"ReadAction","target":["https:\/\/manba.ca\/fr\/produit\/6-pots-de-manba\/"]}]},{"@type":"ImageObject","inLanguage":"fr-CA","@id":"https:\/\/manba.ca\/fr\/produit\/6-pots-de-manba\/#primaryimage","url":"https:\/\/manba.ca\/wp-content\/uploads\/2018\/11\/6-jars-new-label-manba.jpg","contentUrl":"https:\/\/manba.ca\/wp-content\/uploads\/2018\/11\/6-jars-new-label-manba.jpg","width":1000,"height":1000,"caption":"Six Jars of Manba Peanut Butter"},{"@type":"BreadcrumbList","@id":"https:\/\/manba.ca\/fr\/produit\/6-pots-de-manba\/#breadcrumb","itemListElement":[{"@type":"ListItem","position":1,"name":"Boutique","item":"https:\/\/manba.ca\/fr\/boutique\/"},{"@type":"ListItem","position":2,"name":"6 pots de Manba"}]},{"@type":"WebSite","@id":"https:\/\/manba.ca\/fr\/#website","url":"https:\/\/manba.ca\/fr\/","name":"Manba The Spicy Peanut Butter","description":"Manba is Spicy","publisher":{"@id":"https:\/\/manba.ca\/fr\/#organization"},"potentialAction":[{"@type":"SearchAction","target":{"@type":"EntryPoint","urlTemplate":"https:\/\/manba.ca\/fr\/?s={search_term_string}"},"query-input":{"@type":"PropertyValueSpecification","valueRequired":true,"valueName":"search_term_string"}}],"inLanguage":"fr-CA"},{"@type":"Organization","@id":"https:\/\/manba.ca\/fr\/#organization","name":"Dumornay Delis","url":"https:\/\/manba.ca\/fr\/","logo":{"@type":"ImageObject","inLanguage":"fr-CA","@id":"https:\/\/manba.ca\/fr\/#\/schema\/logo\/image\/","url":"https:\/\/manba.ca\/wp-content\/uploads\/2019\/07\/Logo-manba-b.png","contentUrl":"https:\/\/manba.ca\/wp-content\/uploads\/2019\/07\/Logo-manba-b.png","width":269,"height":120,"caption":"Dumornay Delis"},"image":{"@id":"https:\/\/manba.ca\/fr\/#\/schema\/logo\/image\/"},"sameAs":["https:\/\/www.facebook.com\/manbaspicypeanutbutter\/","https:\/\/www.instagram.com\/manba.ca\/"]}]}},"_links":{"self":[{"href":"https:\/\/manba.ca\/fr\/wp-json\/wp\/v2\/product\/1736","targetHints":{"allow":["GET"]}}],"collection":[{"href":"https:\/\/manba.ca\/fr\/wp-json\/wp\/v2\/product"}],"about":[{"href":"https:\/\/manba.ca\/fr\/wp-json\/wp\/v2\/types\/product"}],"replies":[{"embeddable":true,"href":"https:\/\/manba.ca\/fr\/wp-json\/wp\/v2\/comments?post=1736"}],"wp:featuredmedia":[{"embeddable":true,"href":"https:\/\/manba.ca\/fr\/wp-json\/wp\/v2\/media\/11475"}],"wp:attachment":[{"href":"https:\/\/manba.ca\/fr\/wp-json\/wp\/v2\/media?parent=1736"}],"wp:term":[{"taxonomy":"product_brand","embeddable":true,"href":"https:\/\/manba.ca\/fr\/wp-json\/wp\/v2\/product_brand?post=1736"},{"taxonomy":"product_cat","embeddable":true,"href":"https:\/\/manba.ca\/fr\/wp-json\/wp\/v2\/product_cat?post=1736"},{"taxonomy":"product_tag","embeddable":true,"href":"https:\/\/manba.ca\/fr\/wp-json\/wp\/v2\/product_tag?post=1736"}],"curies":[{"name":"wp","href":"https:\/\/api.w.org\/{rel}","templated":true}]}}