{"id":11471,"date":"2019-10-18T03:18:00","date_gmt":"2019-10-30T23:37:15","guid":{"rendered":"https:\/\/manba.ca\/product\/manba-beurre-darachide-extra-piquant-cremeux\/"},"modified":"2023-04-18T17:48:51","modified_gmt":"2023-04-18T22:48:51","slug":"beurre-darachide-manba-extra-epice-cremeux","status":"publish","type":"product","link":"https:\/\/manba.ca\/fr\/produit\/beurre-darachide-manba-extra-epice-cremeux\/","title":{"rendered":"Beurre d&#8217;arachide Manba &#8211; Extra \u00e9pic\u00e9 &#8211; Cr\u00e9meux"},"content":{"rendered":"<div class=\"page\" title=\"Page 1\">\n<div class=\"section\">\n<div class=\"layoutArea\">\n<div class=\"column\">\n<p>Manba Extra-E\u0301pice\u0301 est la version piquante et ardente qui offre une sensation exaltante que seuls les mordus du chili recherchent. Elle s\u2019adresse a\u0300 ceux qui mettent de la sauce piquante sur tout ce qu\u2019ils mangent!<\/p>\n<\/div>\n<\/div>\n<\/div>\n<\/div>\n","protected":false},"excerpt":{"rendered":"<p>Les ingr\u00e9dients comprennent des arachides r\u00f4ties \u00e0 sec, sucre de canne biologique, sel de mer et piment fort. Rien d&#8217;autre. Peut contenir des traces de noix.<\/p>\n","protected":false},"featured_media":11164,"comment_status":"open","ping_status":"closed","template":"","meta":{"inline_featured_image":false},"product_brand":[157],"product_cat":[202,216],"product_tag":[172,222],"class_list":{"0":"post-11471","1":"product","2":"type-product","3":"status-publish","4":"has-post-thumbnail","6":"product_brand-manba","7":"product_cat-cremeux","8":"product_cat-extra-epice","9":"product_tag-cremeux","10":"product_tag-extra-piquant","11":"product_shipping_class-postes-canada","13":"first","14":"instock","15":"purchasable","16":"product-type-simple"},"yoast_head":"<!-- This site is optimized with the Yoast SEO plugin v27.5 - https:\/\/yoast.com\/product\/yoast-seo-wordpress\/ -->\n<title>Beurre d&#039;arachide Manba - Extra \u00e9pic\u00e9 - Cr\u00e9meux - Manba The Spicy Peanut Butter<\/title>\n<meta name=\"robots\" content=\"index, follow, max-snippet:-1, max-image-preview:large, max-video-preview:-1\" \/>\n<link rel=\"canonical\" href=\"https:\/\/manba.ca\/fr\/produit\/beurre-darachide-manba-extra-epice-cremeux\/\" \/>\n<meta property=\"og:locale\" content=\"fr_CA\" \/>\n<meta property=\"og:type\" content=\"article\" \/>\n<meta property=\"og:title\" content=\"Beurre d&#039;arachide Manba - Extra \u00e9pic\u00e9 - Cr\u00e9meux - Manba The Spicy Peanut Butter\" \/>\n<meta property=\"og:description\" content=\"Les ingr\u00e9dients comprennent des arachides r\u00f4ties \u00e0 sec, sucre de canne biologique, sel de mer et piment fort. Rien d&#039;autre. Peut contenir des traces de noix.\" \/>\n<meta property=\"og:url\" content=\"https:\/\/manba.ca\/fr\/produit\/beurre-darachide-manba-extra-epice-cremeux\/\" \/>\n<meta property=\"og:site_name\" content=\"Manba The Spicy Peanut Butter\" \/>\n<meta property=\"article:publisher\" content=\"https:\/\/www.facebook.com\/manbaspicypeanutbutter\/\" \/>\n<meta property=\"article:modified_time\" content=\"2023-04-18T22:48:51+00:00\" \/>\n<meta property=\"og:image\" content=\"https:\/\/manba.ca\/wp-content\/uploads\/2019\/10\/New-manba-Extra-Spicy-Creamy-1.jpg\" \/>\n\t<meta property=\"og:image:width\" content=\"912\" \/>\n\t<meta property=\"og:image:height\" content=\"912\" \/>\n\t<meta property=\"og:image:type\" content=\"image\/jpeg\" \/>\n<meta name=\"twitter:card\" content=\"summary_large_image\" \/>\n<meta name=\"twitter:label1\" content=\"Estimation du temps de lecture\" \/>\n\t<meta name=\"twitter:data1\" content=\"1 minute\" \/>\n<script type=\"application\/ld+json\" class=\"yoast-schema-graph\">{\"@context\":\"https:\\\/\\\/schema.org\",\"@graph\":[{\"@type\":\"WebPage\",\"@id\":\"https:\\\/\\\/manba.ca\\\/fr\\\/produit\\\/beurre-darachide-manba-extra-epice-cremeux\\\/\",\"url\":\"https:\\\/\\\/manba.ca\\\/fr\\\/produit\\\/beurre-darachide-manba-extra-epice-cremeux\\\/\",\"name\":\"Beurre d'arachide Manba - Extra \u00e9pic\u00e9 - Cr\u00e9meux - Manba The Spicy Peanut Butter\",\"isPartOf\":{\"@id\":\"https:\\\/\\\/manba.ca\\\/fr\\\/#website\"},\"primaryImageOfPage\":{\"@id\":\"https:\\\/\\\/manba.ca\\\/fr\\\/produit\\\/beurre-darachide-manba-extra-epice-cremeux\\\/#primaryimage\"},\"image\":{\"@id\":\"https:\\\/\\\/manba.ca\\\/fr\\\/produit\\\/beurre-darachide-manba-extra-epice-cremeux\\\/#primaryimage\"},\"thumbnailUrl\":\"https:\\\/\\\/manba.ca\\\/wp-content\\\/uploads\\\/2019\\\/10\\\/New-manba-Extra-Spicy-Creamy-1.jpg\",\"datePublished\":\"2019-10-30T23:37:15+00:00\",\"dateModified\":\"2023-04-18T22:48:51+00:00\",\"breadcrumb\":{\"@id\":\"https:\\\/\\\/manba.ca\\\/fr\\\/produit\\\/beurre-darachide-manba-extra-epice-cremeux\\\/#breadcrumb\"},\"inLanguage\":\"fr-CA\",\"potentialAction\":[{\"@type\":\"ReadAction\",\"target\":[\"https:\\\/\\\/manba.ca\\\/fr\\\/produit\\\/beurre-darachide-manba-extra-epice-cremeux\\\/\"]}]},{\"@type\":\"ImageObject\",\"inLanguage\":\"fr-CA\",\"@id\":\"https:\\\/\\\/manba.ca\\\/fr\\\/produit\\\/beurre-darachide-manba-extra-epice-cremeux\\\/#primaryimage\",\"url\":\"https:\\\/\\\/manba.ca\\\/wp-content\\\/uploads\\\/2019\\\/10\\\/New-manba-Extra-Spicy-Creamy-1.jpg\",\"contentUrl\":\"https:\\\/\\\/manba.ca\\\/wp-content\\\/uploads\\\/2019\\\/10\\\/New-manba-Extra-Spicy-Creamy-1.jpg\",\"width\":912,\"height\":912},{\"@type\":\"BreadcrumbList\",\"@id\":\"https:\\\/\\\/manba.ca\\\/fr\\\/produit\\\/beurre-darachide-manba-extra-epice-cremeux\\\/#breadcrumb\",\"itemListElement\":[{\"@type\":\"ListItem\",\"position\":1,\"name\":\"Boutique\",\"item\":\"https:\\\/\\\/manba.ca\\\/fr\\\/boutique\\\/\"},{\"@type\":\"ListItem\",\"position\":2,\"name\":\"Beurre d&#8217;arachide Manba &#8211; Extra \u00e9pic\u00e9 &#8211; Cr\u00e9meux\"}]},{\"@type\":\"WebSite\",\"@id\":\"https:\\\/\\\/manba.ca\\\/fr\\\/#website\",\"url\":\"https:\\\/\\\/manba.ca\\\/fr\\\/\",\"name\":\"Manba The Spicy Peanut Butter\",\"description\":\"Manba is Spicy\",\"publisher\":{\"@id\":\"https:\\\/\\\/manba.ca\\\/fr\\\/#organization\"},\"potentialAction\":[{\"@type\":\"SearchAction\",\"target\":{\"@type\":\"EntryPoint\",\"urlTemplate\":\"https:\\\/\\\/manba.ca\\\/fr\\\/?s={search_term_string}\"},\"query-input\":{\"@type\":\"PropertyValueSpecification\",\"valueRequired\":true,\"valueName\":\"search_term_string\"}}],\"inLanguage\":\"fr-CA\"},{\"@type\":\"Organization\",\"@id\":\"https:\\\/\\\/manba.ca\\\/fr\\\/#organization\",\"name\":\"Dumornay Delis\",\"url\":\"https:\\\/\\\/manba.ca\\\/fr\\\/\",\"logo\":{\"@type\":\"ImageObject\",\"inLanguage\":\"fr-CA\",\"@id\":\"https:\\\/\\\/manba.ca\\\/fr\\\/#\\\/schema\\\/logo\\\/image\\\/\",\"url\":\"https:\\\/\\\/manba.ca\\\/wp-content\\\/uploads\\\/2019\\\/07\\\/Logo-manba-b.png\",\"contentUrl\":\"https:\\\/\\\/manba.ca\\\/wp-content\\\/uploads\\\/2019\\\/07\\\/Logo-manba-b.png\",\"width\":269,\"height\":120,\"caption\":\"Dumornay Delis\"},\"image\":{\"@id\":\"https:\\\/\\\/manba.ca\\\/fr\\\/#\\\/schema\\\/logo\\\/image\\\/\"},\"sameAs\":[\"https:\\\/\\\/www.facebook.com\\\/manbaspicypeanutbutter\\\/\",\"https:\\\/\\\/www.instagram.com\\\/manba.ca\\\/\"]}]}<\/script>\n<!-- \/ Yoast SEO plugin. -->","yoast_head_json":{"title":"Beurre d'arachide Manba - Extra \u00e9pic\u00e9 - Cr\u00e9meux - Manba The Spicy Peanut Butter","robots":{"index":"index","follow":"follow","max-snippet":"max-snippet:-1","max-image-preview":"max-image-preview:large","max-video-preview":"max-video-preview:-1"},"canonical":"https:\/\/manba.ca\/fr\/produit\/beurre-darachide-manba-extra-epice-cremeux\/","og_locale":"fr_CA","og_type":"article","og_title":"Beurre d'arachide Manba - Extra \u00e9pic\u00e9 - Cr\u00e9meux - Manba The Spicy Peanut Butter","og_description":"Les ingr\u00e9dients comprennent des arachides r\u00f4ties \u00e0 sec, sucre de canne biologique, sel de mer et piment fort. Rien d'autre. Peut contenir des traces de noix.","og_url":"https:\/\/manba.ca\/fr\/produit\/beurre-darachide-manba-extra-epice-cremeux\/","og_site_name":"Manba The Spicy Peanut Butter","article_publisher":"https:\/\/www.facebook.com\/manbaspicypeanutbutter\/","article_modified_time":"2023-04-18T22:48:51+00:00","og_image":[{"width":912,"height":912,"url":"https:\/\/manba.ca\/wp-content\/uploads\/2019\/10\/New-manba-Extra-Spicy-Creamy-1.jpg","type":"image\/jpeg"}],"twitter_card":"summary_large_image","twitter_misc":{"Estimation du temps de lecture":"1 minute"},"schema":{"@context":"https:\/\/schema.org","@graph":[{"@type":"WebPage","@id":"https:\/\/manba.ca\/fr\/produit\/beurre-darachide-manba-extra-epice-cremeux\/","url":"https:\/\/manba.ca\/fr\/produit\/beurre-darachide-manba-extra-epice-cremeux\/","name":"Beurre d'arachide Manba - Extra \u00e9pic\u00e9 - Cr\u00e9meux - Manba The Spicy Peanut Butter","isPartOf":{"@id":"https:\/\/manba.ca\/fr\/#website"},"primaryImageOfPage":{"@id":"https:\/\/manba.ca\/fr\/produit\/beurre-darachide-manba-extra-epice-cremeux\/#primaryimage"},"image":{"@id":"https:\/\/manba.ca\/fr\/produit\/beurre-darachide-manba-extra-epice-cremeux\/#primaryimage"},"thumbnailUrl":"https:\/\/manba.ca\/wp-content\/uploads\/2019\/10\/New-manba-Extra-Spicy-Creamy-1.jpg","datePublished":"2019-10-30T23:37:15+00:00","dateModified":"2023-04-18T22:48:51+00:00","breadcrumb":{"@id":"https:\/\/manba.ca\/fr\/produit\/beurre-darachide-manba-extra-epice-cremeux\/#breadcrumb"},"inLanguage":"fr-CA","potentialAction":[{"@type":"ReadAction","target":["https:\/\/manba.ca\/fr\/produit\/beurre-darachide-manba-extra-epice-cremeux\/"]}]},{"@type":"ImageObject","inLanguage":"fr-CA","@id":"https:\/\/manba.ca\/fr\/produit\/beurre-darachide-manba-extra-epice-cremeux\/#primaryimage","url":"https:\/\/manba.ca\/wp-content\/uploads\/2019\/10\/New-manba-Extra-Spicy-Creamy-1.jpg","contentUrl":"https:\/\/manba.ca\/wp-content\/uploads\/2019\/10\/New-manba-Extra-Spicy-Creamy-1.jpg","width":912,"height":912},{"@type":"BreadcrumbList","@id":"https:\/\/manba.ca\/fr\/produit\/beurre-darachide-manba-extra-epice-cremeux\/#breadcrumb","itemListElement":[{"@type":"ListItem","position":1,"name":"Boutique","item":"https:\/\/manba.ca\/fr\/boutique\/"},{"@type":"ListItem","position":2,"name":"Beurre d&#8217;arachide Manba &#8211; Extra \u00e9pic\u00e9 &#8211; Cr\u00e9meux"}]},{"@type":"WebSite","@id":"https:\/\/manba.ca\/fr\/#website","url":"https:\/\/manba.ca\/fr\/","name":"Manba The Spicy Peanut Butter","description":"Manba is Spicy","publisher":{"@id":"https:\/\/manba.ca\/fr\/#organization"},"potentialAction":[{"@type":"SearchAction","target":{"@type":"EntryPoint","urlTemplate":"https:\/\/manba.ca\/fr\/?s={search_term_string}"},"query-input":{"@type":"PropertyValueSpecification","valueRequired":true,"valueName":"search_term_string"}}],"inLanguage":"fr-CA"},{"@type":"Organization","@id":"https:\/\/manba.ca\/fr\/#organization","name":"Dumornay Delis","url":"https:\/\/manba.ca\/fr\/","logo":{"@type":"ImageObject","inLanguage":"fr-CA","@id":"https:\/\/manba.ca\/fr\/#\/schema\/logo\/image\/","url":"https:\/\/manba.ca\/wp-content\/uploads\/2019\/07\/Logo-manba-b.png","contentUrl":"https:\/\/manba.ca\/wp-content\/uploads\/2019\/07\/Logo-manba-b.png","width":269,"height":120,"caption":"Dumornay Delis"},"image":{"@id":"https:\/\/manba.ca\/fr\/#\/schema\/logo\/image\/"},"sameAs":["https:\/\/www.facebook.com\/manbaspicypeanutbutter\/","https:\/\/www.instagram.com\/manba.ca\/"]}]}},"_links":{"self":[{"href":"https:\/\/manba.ca\/fr\/wp-json\/wp\/v2\/product\/11471","targetHints":{"allow":["GET"]}}],"collection":[{"href":"https:\/\/manba.ca\/fr\/wp-json\/wp\/v2\/product"}],"about":[{"href":"https:\/\/manba.ca\/fr\/wp-json\/wp\/v2\/types\/product"}],"replies":[{"embeddable":true,"href":"https:\/\/manba.ca\/fr\/wp-json\/wp\/v2\/comments?post=11471"}],"wp:featuredmedia":[{"embeddable":true,"href":"https:\/\/manba.ca\/fr\/wp-json\/wp\/v2\/media\/11164"}],"wp:attachment":[{"href":"https:\/\/manba.ca\/fr\/wp-json\/wp\/v2\/media?parent=11471"}],"wp:term":[{"taxonomy":"product_brand","embeddable":true,"href":"https:\/\/manba.ca\/fr\/wp-json\/wp\/v2\/product_brand?post=11471"},{"taxonomy":"product_cat","embeddable":true,"href":"https:\/\/manba.ca\/fr\/wp-json\/wp\/v2\/product_cat?post=11471"},{"taxonomy":"product_tag","embeddable":true,"href":"https:\/\/manba.ca\/fr\/wp-json\/wp\/v2\/product_tag?post=11471"}],"curies":[{"name":"wp","href":"https:\/\/api.w.org\/{rel}","templated":true}]}}