{"id":4229,"date":"2019-04-15T09:03:00","date_gmt":"2019-04-15T13:03:00","guid":{"rendered":"https:\/\/manba.ca\/?page_id=4229"},"modified":"2023-09-27T19:08:19","modified_gmt":"2023-09-27T23:08:19","slug":"detaillants","status":"publish","type":"page","link":"https:\/\/manba.ca\/fr\/detaillants\/","title":{"rendered":"D\u00e9taillants"},"content":{"rendered":"\t\t<div data-elementor-type=\"wp-page\" data-elementor-id=\"4229\" class=\"elementor elementor-4229 elementor-4227\" data-elementor-post-type=\"page\">\n\t\t\t\t<div class=\"elementor-element elementor-element-cd846f7 e-flex e-con-boxed wpr-particle-no wpr-jarallax-no wpr-parallax-no wpr-sticky-section-no wpr-equal-height-no e-con e-parent\" data-id=\"cd846f7\" data-element_type=\"container\" data-e-type=\"container\" data-settings=\"{&quot;background_background&quot;:&quot;classic&quot;}\">\n\t\t\t\t\t<div class=\"e-con-inner\">\n\t\t\t\t<div class=\"elementor-element elementor-element-41d42cd elementor-widget elementor-widget-heading\" data-id=\"41d42cd\" data-element_type=\"widget\" data-e-type=\"widget\" data-widget_type=\"heading.default\">\n\t\t\t\t<div class=\"elementor-widget-container\">\n\t\t\t\t\t<h1 class=\"elementor-heading-title elementor-size-default\">D\u00e9taillants<\/h1>\t\t\t\t<\/div>\n\t\t\t\t<\/div>\n\t\t\t\t\t<\/div>\n\t\t\t\t<\/div>\n\t\t<div class=\"elementor-element elementor-element-dbc8ee4 e-flex e-con-boxed wpr-particle-no wpr-jarallax-no wpr-parallax-no wpr-sticky-section-no wpr-equal-height-no e-con e-parent\" data-id=\"dbc8ee4\" data-element_type=\"container\" data-e-type=\"container\">\n\t\t\t\t\t<div class=\"e-con-inner\">\n\t\t\t\t<div class=\"elementor-element elementor-element-6dceb5e elementor-widget elementor-widget-text-editor\" data-id=\"6dceb5e\" data-element_type=\"widget\" data-e-type=\"widget\" data-widget_type=\"text-editor.default\">\n\t\t\t\t<div class=\"elementor-widget-container\">\n\t\t\t\t\t\n\t\t<div id=\"store_locator\" class=\"store_locator modal-body\">\n\t\t\t<div class=\"store-locator-row\">\n\t\t\t\t\t\t<div id=\"store_locator_sidebar\" class=\"store_locator_sidebar store-locator-col-xs-12 store-locator-col-sm-12 store-locator-col-md-3 store-locator-pull-left\">\n\t\t\t<div id=\"store_locator_sidebar_content\" class=\"store_locator_sidebar_content store-locator-row\">\n    \t\t\n\t\t<div id=\"store_locator_search_box\" class=\"store_locator_search_box store-locator-col-xs-12 store-locator-col-sm-12 \">\n\t\t\t<div class=\"store-locator-row\">\n\t\t\t\t<div class=\"store-locator-col-xs-12 store-locator-col-sm-12\">\n\n                    \t\t\t\t\t<h2 class=\"store_modal_title\">Find in Store<\/h2>\n                    \n                                        <span id=\"store_locator_filter_active_filter_box\" class=\"store_locator_filter_active_filter_box\">\n\t\t\t\t\t   <small>Active Filter:<\/small> <span id=\"store_locator_filter_active_filter\"><\/span>\n                    <\/span>\n                    \n\t\t\t\t<\/div>\n\t\t\t<\/div>\n\t\t\t<div class=\"store-locator-row\">\n\t\t\t\t<div class=\"store-locator-col-xs-12 store-locator-col-sm-12\">\n\n\t\t\t\t\t<input id=\"store_locator_address_field\" class=\"store_locator_address_field\" type=\"text\" name=\"location\" placeholder=\"Enter your address\">\n                    \t\t\t\t\t<a href=\"#\" id=\"store_locator_get_my_position\"><i>Get my Position<\/i><\/a>\n                                                            \n\n\t\t\t\t<\/div>\n\t\t\t<\/div>\n\n            \t\t\t<div class=\"store-locator-row\">\n\t\t\t\t<div class=\"store-locator-col-xs-12 store-locator-col-sm-12\">\n\t\t\t\t\t<button id=\"store_locator_find_stores_button\" type=\"button\" class=\"store_locator_find_stores_button btn button et_pb_button btn-primary btn-lg\">\n\t\t\t\t\t\tFind in Store\t\t\t\t\t<\/button>\n\t\t\t\t<\/div>\n\t\t\t<\/div>\n            \n            \t\t\t<div class=\"store-locator-row\">\n\t\t\t\t\n\t\t<div id=\"store_locator_filter\" class=\"store_locator_filter\">\n\t\t\t<div id=\"store_locator_filter_open_close\" class=\"store_locator_filter_open_close store-locator-col-xs-12 store-locator-col-sm-12\">\n\t\t\t\t<h3 class=\"store_locator_filter_title\">Filter<\/h3> <i class=\"fa fa-chevron-down text-right\"><\/i>\n\t\t\t<\/div>\n\t\t\t<div id=\"store_locator_filter_content\" class=\"store_locator_filter_content\" style=\"display: block;\">\n\t\t\t\t<div class=\"store-locator-col-xs-12 store-locator-col-sm-12 single_filter\">\n                    \t\t\t\t\t<select name=\"categories\" id=\"store_locator_filter_categories\" class=\"select store_locator_filter_categories\">\n\n                        \t\t\t\t\t\t<option value=\"\">Select a Category<\/option>\n    \t\t\t\t\t<option value=\"198\"  data-icon=\"\">Manba Retailers<\/option>\t\t\t\t\t<\/select>\n                    \t\t\t\t<\/div>\n\t\t\t\t<div class=\"store-locator-col-xs-12 store-locator-col-sm-12 single_filter\">\n\t\t\t\t\t<h5>Radius<\/h5>\n\t\t\t\t\t<select name=\"radius\" id=\"store_locator_filter_radius\" class=\"select store_locator_filter_radius\">\n\t\t\t\t\t<option value=\"5\" >5 km<\/option><option value=\"10\" >10 km<\/option><option value=\"25\" >25 km<\/option><option value=\"50\" selected=\"selected\">50 km<\/option><option value=\"100\" >100 km<\/option><option value=\"500\" >500 km<\/option><option value=\"1000\" >1000 km<\/option>\t\t\t\t\t<\/select>\n\t\t\t\t<\/div>\n\t\t\t\t\t\t\t<\/div>\n\t\t<\/div>\n\t\t\t\t\t<\/div>\n            \t\t<\/div>\n\n\t\t\t\t<div id=\"store_locator_result_list_box\" class=\"store_locator_result_list_box store-locator-col-xs-12 store-locator-col-sm-12\">\n            <hr class=\"grey\">\n            \t\t\t<div id=\"store_locator_result_list\">\n                \n            <\/div>\n\t\t<\/div>\n\t\t\t\t\t<\/div>\n\t\t<\/div>\n\n\t\t\t\t\t\t<div id=\"store_locator_main\" class=\"store_locator_main  store-locator-col-xs-12 store-locator-col-sm-12 store-locator-col-md-9\">\n\t\t\t\t\t<div id=\"store_locator_map\" style=\"height: 100%;\"><\/div>\n                    <div id=\"store_locator_dragged_button\" class=\"btn button et_pb_button button-primary theme-button store_locator_dragged_button\">\n                        Search in this Area                    <\/div>\n\t\t\t\t<\/div>\n\t\t\t    \t\t\t<\/div>\n            <button type=\"button\" id=\"store_modal_close\" class=\"store_modal_close\" data-dismiss=\"modal\" aria-label=\"Close\"><span aria-hidden=\"true\">&times;<\/span><\/button>\n\t\t\t<div id=\"store_locator_loading\" class=\"store_locator_loading store-locator-hidden\"><i class=\"fa  fa-spin fa-3x\"><\/i><\/div>\n\t\t<\/div>\n\n\t\t\t\t\t\n<div class=\"wp-block-spacer\" style=\"height: 100px;\" aria-hidden=\"true\"><\/div>\n<div class=\"wp-block-columns are-vertically-aligned-center\">\n<div class=\"wp-block-column is-vertically-aligned-center\">\n<figure class=\"wp-block-image aligncenter size-full is-resized\"><img decoding=\"async\" class=\"wp-image-18772\" src=\"https:\/\/www.manba.ca\/wp-content\/uploads\/2022\/03\/Logo_des_Fermes_Lufa-150x150.jpg\" alt=\"Fermes Lufa\" width=\"150\" height=\"150\" srcset=\"https:\/\/manba.ca\/wp-content\/uploads\/2022\/03\/Logo_des_Fermes_Lufa-150x150.jpg 150w, https:\/\/manba.ca\/wp-content\/uploads\/2022\/03\/Logo_des_Fermes_Lufa-300x300.jpg 300w, https:\/\/manba.ca\/wp-content\/uploads\/2022\/03\/Logo_des_Fermes_Lufa-100x100.jpg 100w, https:\/\/manba.ca\/wp-content\/uploads\/2022\/03\/Logo_des_Fermes_Lufa-600x600.jpg 600w, https:\/\/manba.ca\/wp-content\/uploads\/2022\/03\/Logo_des_Fermes_Lufa.jpg 651w\" sizes=\"(max-width: 150px) 100vw, 150px\" \/><\/figure>\n<\/div>\n<div class=\"wp-block-column is-vertically-aligned-center\">\n<figure class=\"wp-block-image aligncenter size-full\"><img decoding=\"async\" width=\"142\" height=\"150\" class=\"wp-image-18797\" src=\"https:\/\/www.manba.ca\/wp-content\/uploads\/2022\/03\/provigo.png\" alt=\"Provigo\" \/><\/figure>\n<\/div>\n<div class=\"wp-block-column is-vertically-aligned-center\">\n<figure class=\"wp-block-image aligncenter size-full is-resized\"><img decoding=\"async\" class=\"wp-image-18778\" src=\"https:\/\/www.manba.ca\/wp-content\/uploads\/2022\/03\/marche-tau-150x150.png\" alt=\"March\u00e9 TAU\" width=\"150\" height=\"150\" srcset=\"https:\/\/manba.ca\/wp-content\/uploads\/2022\/03\/marche-tau-150x150.png 150w, https:\/\/manba.ca\/wp-content\/uploads\/2022\/03\/marche-tau-100x100.png 100w, https:\/\/manba.ca\/wp-content\/uploads\/2022\/03\/marche-tau.png 224w\" sizes=\"(max-width: 150px) 100vw, 150px\" \/><\/figure>\n<\/div>\n<div class=\"wp-block-column is-vertically-aligned-center\">\n<figure class=\"wp-block-image aligncenter size-full is-resized\"><img loading=\"lazy\" decoding=\"async\" class=\"wp-image-18788\" src=\"https:\/\/www.manba.ca\/wp-content\/uploads\/2022\/03\/adonis-logo-fr.png\" alt=\"Adonis\" width=\"150\" height=\"66\" srcset=\"https:\/\/manba.ca\/wp-content\/uploads\/2022\/03\/adonis-logo-fr.png 855w, https:\/\/manba.ca\/wp-content\/uploads\/2022\/03\/adonis-logo-fr-600x263.png 600w, https:\/\/manba.ca\/wp-content\/uploads\/2022\/03\/adonis-logo-fr-300x132.png 300w, https:\/\/manba.ca\/wp-content\/uploads\/2022\/03\/adonis-logo-fr-768x337.png 768w\" sizes=\"(max-width: 150px) 100vw, 150px\" \/><\/figure>\n<\/div>\n<div class=\"wp-block-column is-vertically-aligned-center\">\n<figure class=\"wp-block-image aligncenter size-full is-resized\"><img loading=\"lazy\" decoding=\"async\" class=\"wp-image-18782\" src=\"https:\/\/www.manba.ca\/wp-content\/uploads\/2022\/03\/logo-supermarche-pa.png\" alt=\"Supermarch\u00e9 PA\" width=\"150\" height=\"100\" \/><\/figure>\n<\/div>\n<\/div>\n<div class=\"wp-block-columns are-vertically-aligned-center\">\n<div class=\"wp-block-column is-vertically-aligned-center\">\n<figure class=\"wp-block-image aligncenter size-full\"><img loading=\"lazy\" decoding=\"async\" width=\"150\" height=\"150\" class=\"wp-image-19021\" src=\"https:\/\/www.manba.ca\/wp-content\/uploads\/2022\/06\/loblaws.png\" alt=\"Loblaws\" srcset=\"https:\/\/manba.ca\/wp-content\/uploads\/2022\/06\/loblaws.png 150w, https:\/\/manba.ca\/wp-content\/uploads\/2022\/06\/loblaws-100x100.png 100w\" sizes=\"(max-width: 150px) 100vw, 150px\" \/><\/figure>\n<\/div>\n<div class=\"wp-block-column is-vertically-aligned-center\">\n<figure class=\"wp-block-image aligncenter size-full\"><img loading=\"lazy\" decoding=\"async\" width=\"150\" height=\"150\" class=\"wp-image-19023\" src=\"https:\/\/www.manba.ca\/wp-content\/uploads\/2022\/06\/atlantic-superstore.png\" alt=\"Atlantic Superstore\" srcset=\"https:\/\/manba.ca\/wp-content\/uploads\/2022\/06\/atlantic-superstore.png 150w, https:\/\/manba.ca\/wp-content\/uploads\/2022\/06\/atlantic-superstore-100x100.png 100w\" sizes=\"(max-width: 150px) 100vw, 150px\" \/><\/figure>\n<\/div>\n<div class=\"wp-block-column is-vertically-aligned-center\">\n<figure class=\"wp-block-image aligncenter size-full\"><img loading=\"lazy\" decoding=\"async\" width=\"150\" height=\"150\" class=\"wp-image-19025\" src=\"https:\/\/www.manba.ca\/wp-content\/uploads\/2022\/06\/maxi.png\" alt=\"Maxi\" srcset=\"https:\/\/manba.ca\/wp-content\/uploads\/2022\/06\/maxi.png 150w, https:\/\/manba.ca\/wp-content\/uploads\/2022\/06\/maxi-100x100.png 100w\" sizes=\"(max-width: 150px) 100vw, 150px\" \/><\/figure>\n<\/div>\n<div class=\"wp-block-column is-vertically-aligned-center\">\n<figure class=\"wp-block-image aligncenter size-full\"><img loading=\"lazy\" decoding=\"async\" width=\"150\" height=\"150\" class=\"wp-image-19027\" src=\"https:\/\/www.manba.ca\/wp-content\/uploads\/2022\/06\/no-frills.png\" alt=\"no frills\" srcset=\"https:\/\/manba.ca\/wp-content\/uploads\/2022\/06\/no-frills.png 150w, https:\/\/manba.ca\/wp-content\/uploads\/2022\/06\/no-frills-100x100.png 100w\" sizes=\"(max-width: 150px) 100vw, 150px\" \/><\/figure>\n<\/div>\n<div class=\"wp-block-column is-vertically-aligned-center\">\n<figure class=\"wp-block-image aligncenter size-full\"><img loading=\"lazy\" decoding=\"async\" width=\"150\" height=\"150\" class=\"wp-image-19031\" src=\"https:\/\/www.manba.ca\/wp-content\/uploads\/2022\/06\/real-canadian-superstore.png\" alt=\"Real Canadian Superstore\" srcset=\"https:\/\/manba.ca\/wp-content\/uploads\/2022\/06\/real-canadian-superstore.png 150w, https:\/\/manba.ca\/wp-content\/uploads\/2022\/06\/real-canadian-superstore-100x100.png 100w\" sizes=\"(max-width: 150px) 100vw, 150px\" \/><\/figure>\n<\/div>\n<\/div>\t\t\t\t\t\t\t\t<\/div>\n\t\t\t\t<\/div>\n\t\t\t\t\t<\/div>\n\t\t\t\t<\/div>\n\t\t\t\t<\/div>\n\t\t","protected":false},"excerpt":{"rendered":"<p>D\u00e9taillants<\/p>\n","protected":false},"author":1,"featured_media":0,"parent":0,"menu_order":0,"comment_status":"closed","ping_status":"closed","template":"elementor_header_footer","meta":{"inline_featured_image":false,"footnotes":""},"class_list":["post-4229","page","type-page","status-publish","hentry"],"yoast_head":"<!-- This site is optimized with the Yoast SEO plugin v27.5 - https:\/\/yoast.com\/product\/yoast-seo-wordpress\/ -->\n<title>D\u00e9taillants - Le beurre d\u2019arachides \u00e9pic\u00e9 | Manba<\/title>\n<meta name=\"description\" content=\"Trouvez le magasin le plus proche pour votre pot de beurre de cacahu\u00e8tes \u00e9pic\u00e9 Manba, utilisez notre outil et d\u00e9couvrez tous les revendeurs Manba.\" \/>\n<meta name=\"robots\" content=\"index, follow, max-snippet:-1, max-image-preview:large, max-video-preview:-1\" \/>\n<link rel=\"canonical\" href=\"https:\/\/manba.ca\/fr\/detaillants\/\" \/>\n<meta property=\"og:locale\" content=\"fr_CA\" \/>\n<meta property=\"og:type\" content=\"article\" \/>\n<meta property=\"og:title\" content=\"D\u00e9taillants - Le beurre d\u2019arachides \u00e9pic\u00e9 | Manba\" \/>\n<meta property=\"og:description\" content=\"Trouvez le magasin le plus proche pour votre pot de beurre de cacahu\u00e8tes \u00e9pic\u00e9 Manba, utilisez notre outil et d\u00e9couvrez tous les revendeurs Manba.\" \/>\n<meta property=\"og:url\" content=\"https:\/\/manba.ca\/fr\/detaillants\/\" \/>\n<meta property=\"og:site_name\" content=\"Manba The Spicy Peanut Butter\" \/>\n<meta property=\"article:publisher\" content=\"https:\/\/www.facebook.com\/manbaspicypeanutbutter\/\" \/>\n<meta property=\"article:modified_time\" content=\"2023-09-27T23:08:19+00:00\" \/>\n<meta property=\"og:image\" content=\"https:\/\/www.manba.ca\/wp-content\/uploads\/2022\/03\/Logo_des_Fermes_Lufa-150x150.jpg\" \/>\n<meta name=\"twitter:card\" content=\"summary_large_image\" \/>\n<meta name=\"twitter:label1\" content=\"Estimation du temps de lecture\" \/>\n\t<meta name=\"twitter:data1\" content=\"3 minutes\" \/>\n<script type=\"application\/ld+json\" class=\"yoast-schema-graph\">{\"@context\":\"https:\\\/\\\/schema.org\",\"@graph\":[{\"@type\":\"WebPage\",\"@id\":\"https:\\\/\\\/manba.ca\\\/fr\\\/detaillants\\\/\",\"url\":\"https:\\\/\\\/manba.ca\\\/fr\\\/detaillants\\\/\",\"name\":\"D\u00e9taillants - Le beurre d\u2019arachides \u00e9pic\u00e9 | Manba\",\"isPartOf\":{\"@id\":\"https:\\\/\\\/manba.ca\\\/fr\\\/#website\"},\"primaryImageOfPage\":{\"@id\":\"https:\\\/\\\/manba.ca\\\/fr\\\/detaillants\\\/#primaryimage\"},\"image\":{\"@id\":\"https:\\\/\\\/manba.ca\\\/fr\\\/detaillants\\\/#primaryimage\"},\"thumbnailUrl\":\"https:\\\/\\\/www.manba.ca\\\/wp-content\\\/uploads\\\/2022\\\/03\\\/Logo_des_Fermes_Lufa-150x150.jpg\",\"datePublished\":\"2019-04-15T13:03:00+00:00\",\"dateModified\":\"2023-09-27T23:08:19+00:00\",\"description\":\"Trouvez le magasin le plus proche pour votre pot de beurre de cacahu\u00e8tes \u00e9pic\u00e9 Manba, utilisez notre outil et d\u00e9couvrez tous les revendeurs Manba.\",\"inLanguage\":\"fr-CA\",\"potentialAction\":[{\"@type\":\"ReadAction\",\"target\":[\"https:\\\/\\\/manba.ca\\\/fr\\\/detaillants\\\/\"]}]},{\"@type\":\"ImageObject\",\"inLanguage\":\"fr-CA\",\"@id\":\"https:\\\/\\\/manba.ca\\\/fr\\\/detaillants\\\/#primaryimage\",\"url\":\"https:\\\/\\\/www.manba.ca\\\/wp-content\\\/uploads\\\/2022\\\/03\\\/Logo_des_Fermes_Lufa-150x150.jpg\",\"contentUrl\":\"https:\\\/\\\/www.manba.ca\\\/wp-content\\\/uploads\\\/2022\\\/03\\\/Logo_des_Fermes_Lufa-150x150.jpg\"},{\"@type\":\"WebSite\",\"@id\":\"https:\\\/\\\/manba.ca\\\/fr\\\/#website\",\"url\":\"https:\\\/\\\/manba.ca\\\/fr\\\/\",\"name\":\"Manba The Spicy Peanut Butter\",\"description\":\"Manba is Spicy\",\"publisher\":{\"@id\":\"https:\\\/\\\/manba.ca\\\/fr\\\/#organization\"},\"potentialAction\":[{\"@type\":\"SearchAction\",\"target\":{\"@type\":\"EntryPoint\",\"urlTemplate\":\"https:\\\/\\\/manba.ca\\\/fr\\\/?s={search_term_string}\"},\"query-input\":{\"@type\":\"PropertyValueSpecification\",\"valueRequired\":true,\"valueName\":\"search_term_string\"}}],\"inLanguage\":\"fr-CA\"},{\"@type\":\"Organization\",\"@id\":\"https:\\\/\\\/manba.ca\\\/fr\\\/#organization\",\"name\":\"Dumornay Delis\",\"url\":\"https:\\\/\\\/manba.ca\\\/fr\\\/\",\"logo\":{\"@type\":\"ImageObject\",\"inLanguage\":\"fr-CA\",\"@id\":\"https:\\\/\\\/manba.ca\\\/fr\\\/#\\\/schema\\\/logo\\\/image\\\/\",\"url\":\"https:\\\/\\\/manba.ca\\\/wp-content\\\/uploads\\\/2019\\\/07\\\/Logo-manba-b.png\",\"contentUrl\":\"https:\\\/\\\/manba.ca\\\/wp-content\\\/uploads\\\/2019\\\/07\\\/Logo-manba-b.png\",\"width\":269,\"height\":120,\"caption\":\"Dumornay Delis\"},\"image\":{\"@id\":\"https:\\\/\\\/manba.ca\\\/fr\\\/#\\\/schema\\\/logo\\\/image\\\/\"},\"sameAs\":[\"https:\\\/\\\/www.facebook.com\\\/manbaspicypeanutbutter\\\/\",\"https:\\\/\\\/www.instagram.com\\\/manba.ca\\\/\"]}]}<\/script>\n<!-- \/ Yoast SEO plugin. -->","yoast_head_json":{"title":"D\u00e9taillants - Le beurre d\u2019arachides \u00e9pic\u00e9 | Manba","description":"Trouvez le magasin le plus proche pour votre pot de beurre de cacahu\u00e8tes \u00e9pic\u00e9 Manba, utilisez notre outil et d\u00e9couvrez tous les revendeurs Manba.","robots":{"index":"index","follow":"follow","max-snippet":"max-snippet:-1","max-image-preview":"max-image-preview:large","max-video-preview":"max-video-preview:-1"},"canonical":"https:\/\/manba.ca\/fr\/detaillants\/","og_locale":"fr_CA","og_type":"article","og_title":"D\u00e9taillants - Le beurre d\u2019arachides \u00e9pic\u00e9 | Manba","og_description":"Trouvez le magasin le plus proche pour votre pot de beurre de cacahu\u00e8tes \u00e9pic\u00e9 Manba, utilisez notre outil et d\u00e9couvrez tous les revendeurs Manba.","og_url":"https:\/\/manba.ca\/fr\/detaillants\/","og_site_name":"Manba The Spicy Peanut Butter","article_publisher":"https:\/\/www.facebook.com\/manbaspicypeanutbutter\/","article_modified_time":"2023-09-27T23:08:19+00:00","og_image":[{"url":"https:\/\/www.manba.ca\/wp-content\/uploads\/2022\/03\/Logo_des_Fermes_Lufa-150x150.jpg","type":"","width":"","height":""}],"twitter_card":"summary_large_image","twitter_misc":{"Estimation du temps de lecture":"3 minutes"},"schema":{"@context":"https:\/\/schema.org","@graph":[{"@type":"WebPage","@id":"https:\/\/manba.ca\/fr\/detaillants\/","url":"https:\/\/manba.ca\/fr\/detaillants\/","name":"D\u00e9taillants - Le beurre d\u2019arachides \u00e9pic\u00e9 | Manba","isPartOf":{"@id":"https:\/\/manba.ca\/fr\/#website"},"primaryImageOfPage":{"@id":"https:\/\/manba.ca\/fr\/detaillants\/#primaryimage"},"image":{"@id":"https:\/\/manba.ca\/fr\/detaillants\/#primaryimage"},"thumbnailUrl":"https:\/\/www.manba.ca\/wp-content\/uploads\/2022\/03\/Logo_des_Fermes_Lufa-150x150.jpg","datePublished":"2019-04-15T13:03:00+00:00","dateModified":"2023-09-27T23:08:19+00:00","description":"Trouvez le magasin le plus proche pour votre pot de beurre de cacahu\u00e8tes \u00e9pic\u00e9 Manba, utilisez notre outil et d\u00e9couvrez tous les revendeurs Manba.","inLanguage":"fr-CA","potentialAction":[{"@type":"ReadAction","target":["https:\/\/manba.ca\/fr\/detaillants\/"]}]},{"@type":"ImageObject","inLanguage":"fr-CA","@id":"https:\/\/manba.ca\/fr\/detaillants\/#primaryimage","url":"https:\/\/www.manba.ca\/wp-content\/uploads\/2022\/03\/Logo_des_Fermes_Lufa-150x150.jpg","contentUrl":"https:\/\/www.manba.ca\/wp-content\/uploads\/2022\/03\/Logo_des_Fermes_Lufa-150x150.jpg"},{"@type":"WebSite","@id":"https:\/\/manba.ca\/fr\/#website","url":"https:\/\/manba.ca\/fr\/","name":"Manba The Spicy Peanut Butter","description":"Manba is Spicy","publisher":{"@id":"https:\/\/manba.ca\/fr\/#organization"},"potentialAction":[{"@type":"SearchAction","target":{"@type":"EntryPoint","urlTemplate":"https:\/\/manba.ca\/fr\/?s={search_term_string}"},"query-input":{"@type":"PropertyValueSpecification","valueRequired":true,"valueName":"search_term_string"}}],"inLanguage":"fr-CA"},{"@type":"Organization","@id":"https:\/\/manba.ca\/fr\/#organization","name":"Dumornay Delis","url":"https:\/\/manba.ca\/fr\/","logo":{"@type":"ImageObject","inLanguage":"fr-CA","@id":"https:\/\/manba.ca\/fr\/#\/schema\/logo\/image\/","url":"https:\/\/manba.ca\/wp-content\/uploads\/2019\/07\/Logo-manba-b.png","contentUrl":"https:\/\/manba.ca\/wp-content\/uploads\/2019\/07\/Logo-manba-b.png","width":269,"height":120,"caption":"Dumornay Delis"},"image":{"@id":"https:\/\/manba.ca\/fr\/#\/schema\/logo\/image\/"},"sameAs":["https:\/\/www.facebook.com\/manbaspicypeanutbutter\/","https:\/\/www.instagram.com\/manba.ca\/"]}]}},"_links":{"self":[{"href":"https:\/\/manba.ca\/fr\/wp-json\/wp\/v2\/pages\/4229","targetHints":{"allow":["GET"]}}],"collection":[{"href":"https:\/\/manba.ca\/fr\/wp-json\/wp\/v2\/pages"}],"about":[{"href":"https:\/\/manba.ca\/fr\/wp-json\/wp\/v2\/types\/page"}],"author":[{"embeddable":true,"href":"https:\/\/manba.ca\/fr\/wp-json\/wp\/v2\/users\/1"}],"replies":[{"embeddable":true,"href":"https:\/\/manba.ca\/fr\/wp-json\/wp\/v2\/comments?post=4229"}],"version-history":[{"count":0,"href":"https:\/\/manba.ca\/fr\/wp-json\/wp\/v2\/pages\/4229\/revisions"}],"wp:attachment":[{"href":"https:\/\/manba.ca\/fr\/wp-json\/wp\/v2\/media?parent=4229"}],"curies":[{"name":"wp","href":"https:\/\/api.w.org\/{rel}","templated":true}]}}