{"id":4207,"date":"2019-04-15T08:44:28","date_gmt":"2019-04-15T13:44:28","guid":{"rendered":"https:\/\/manba.ca\/?page_id=4207"},"modified":"2023-09-04T21:30:37","modified_gmt":"2023-09-05T02:30:37","slug":"retours-et-echanges","status":"publish","type":"page","link":"https:\/\/manba.ca\/fr\/retours-et-echanges\/","title":{"rendered":"Retours et \u00e9changes"},"content":{"rendered":"\t\t<div data-elementor-type=\"wp-page\" data-elementor-id=\"4207\" class=\"elementor elementor-4207 elementor-4205\" data-elementor-post-type=\"page\">\n\t\t\t\t<div class=\"elementor-element elementor-element-6cc8028 e-flex e-con-boxed wpr-particle-no wpr-jarallax-no wpr-parallax-no wpr-sticky-section-no wpr-equal-height-no e-con e-parent\" data-id=\"6cc8028\" data-element_type=\"container\" data-e-type=\"container\" data-settings=\"{&quot;background_background&quot;:&quot;classic&quot;}\">\n\t\t\t\t\t<div class=\"e-con-inner\">\n\t\t\t\t<div class=\"elementor-element elementor-element-975c9ed elementor-widget elementor-widget-heading\" data-id=\"975c9ed\" data-element_type=\"widget\" data-e-type=\"widget\" data-widget_type=\"heading.default\">\n\t\t\t\t<div class=\"elementor-widget-container\">\n\t\t\t\t\t<h1 class=\"elementor-heading-title elementor-size-default\">Retours et \u00e9changes<\/h1>\t\t\t\t<\/div>\n\t\t\t\t<\/div>\n\t\t\t\t\t<\/div>\n\t\t\t\t<\/div>\n\t\t<div class=\"elementor-element elementor-element-d020cb3 e-flex e-con-boxed wpr-particle-no wpr-jarallax-no wpr-parallax-no wpr-sticky-section-no wpr-equal-height-no e-con e-parent\" data-id=\"d020cb3\" data-element_type=\"container\" data-e-type=\"container\">\n\t\t\t\t\t<div class=\"e-con-inner\">\n\t\t\t\t<div class=\"elementor-element elementor-element-4c77853 elementor-widget elementor-widget-text-editor\" data-id=\"4c77853\" data-element_type=\"widget\" data-e-type=\"widget\" data-widget_type=\"text-editor.default\">\n\t\t\t\t<div class=\"elementor-widget-container\">\n\t\t\t\t\t\t\t\t\t<header class=\"entry-header\">\r\n<h1 class=\"entry-title\">Retours et \u00e9changes<\/h1>\r\n<\/header>\r\n<div class=\"entry-content\">\r\n\r\nNotre politique dure 7\u00a0jours. Si 7\u00a0jours se sont \u00e9coul\u00e9s depuis votre achat, nous ne pouvons malheureusement pas vous offrir un \u00e9change. Nous n\u2019offrons pas de remboursement.\r\n\r\nPour pouvoir b\u00e9n\u00e9ficier d\u2019un retour, votre article doit \u00eatre inutilis\u00e9 et dans le m\u00eame \u00e9tat o\u00f9 vous l\u2019avez re\u00e7u. Il doit \u00eatre \u00e9galement dans l\u2019emballage d\u2019origine.\r\n\r\nPour effectuer un retour, vous devez nous pr\u00e9senter un re\u00e7u ou une preuve d\u2019achat.\r\n<h4>\u00c9changes (le cas \u00e9ch\u00e9ant)<\/h4>\r\nNous rempla\u00e7ons un article seulement s\u2019il est d\u00e9fectueux ou endommag\u00e9. Si dans ce cas vous souhaitez l\u2019\u00e9changer contre le m\u00eame article, envoyez-nous un courriel \u00e0\u00a0<a href=\"mailto:info@manba.ca\">info@manba.ca<\/a>\u00a0et envoyez-nous votre article au\u00a0: 4029, rue de Bordeaux, Montr\u00e9al, Qu\u00e9bec\u00a0\u00a0H2K\u00a03Z4 Canada.\r\n<h4>Exp\u00e9dition<\/h4>\r\nPour retourner un produit, vous devez l\u2019envoyer par la poste au\u00a0: 4029, rue de Bordeaux, Montreal, Qu\u00e9bec\u00a0\u00a0H2K\u00a03Z4 Canada.\r\n\r\nIl vous incombera de payer vos propres frais d\u2019exp\u00e9dition pour retourner votre article. Les co\u00fbts d\u2019exp\u00e9dition ne sont pas remboursables. Si vous recevez un remboursement, les frais de retour seront d\u00e9duits de celui-ci.\r\n\r\nEn fonction de l\u2019endroit o\u00f9 vous vivez, le d\u00e9lai n\u00e9cessaire pour recevoir votre produit \u00e9chang\u00e9 peut varier.\r\nVous devriez envisager d\u2019utiliser un service de livraison qui vous permet de suivre l\u2019envoi ou de souscrire \u00e0 une assurance de livraison. Nous ne garantissons pas que nous recevrons l\u2019article que vous nous retournez.\r\n\r\n<\/div>\t\t\t\t\t\t\t\t<\/div>\n\t\t\t\t<\/div>\n\t\t\t\t\t<\/div>\n\t\t\t\t<\/div>\n\t\t\t\t<\/div>\n\t\t","protected":false},"excerpt":{"rendered":"<p>Retours et \u00e9changes Retours et \u00e9changes Notre politique dure 7\u00a0jours. Si 7\u00a0jours se sont \u00e9coul\u00e9s depuis votre achat, nous ne pouvons malheureusement pas vous offrir un \u00e9change. Nous n\u2019offrons pas de remboursement. Pour pouvoir b\u00e9n\u00e9ficier d\u2019un retour, votre article doit \u00eatre inutilis\u00e9 et dans le m\u00eame \u00e9tat o\u00f9 vous l\u2019avez re\u00e7u. Il doit \u00eatre \u00e9galement dans l\u2019emballage d\u2019origine. Pour effectuer un retour, vous devez nous pr\u00e9senter un re\u00e7u ou une preuve d\u2019achat. \u00c9changes (le cas \u00e9ch\u00e9ant) Nous rempla\u00e7ons un article seulement s\u2019il est d\u00e9fectueux ou endommag\u00e9. Si dans ce cas vous souhaitez l\u2019\u00e9changer contre le m\u00eame article, envoyez-nous un courriel \u00e0\u00a0info@manba.ca\u00a0et envoyez-nous votre article au\u00a0: 4029, rue de Bordeaux, Montr\u00e9al, Qu\u00e9bec\u00a0\u00a0H2K\u00a03Z4 Canada. Exp\u00e9dition Pour retourner un produit, vous devez l\u2019envoyer par la poste au\u00a0: 4029, rue de Bordeaux, Montreal, Qu\u00e9bec\u00a0\u00a0H2K\u00a03Z4 Canada. Il vous incombera de payer vos propres frais d\u2019exp\u00e9dition pour retourner votre article. Les co\u00fbts d\u2019exp\u00e9dition ne sont pas remboursables. Si vous recevez un remboursement, les frais de retour seront d\u00e9duits de celui-ci. En fonction de l\u2019endroit o\u00f9 vous vivez, le d\u00e9lai n\u00e9cessaire pour recevoir votre produit \u00e9chang\u00e9 peut varier. Vous devriez envisager d\u2019utiliser un service de livraison qui vous permet de suivre l\u2019envoi ou de souscrire \u00e0 une assurance de livraison. Nous ne garantissons pas que nous recevrons l\u2019article que vous nous retournez.<\/p>\n","protected":false},"author":1,"featured_media":0,"parent":0,"menu_order":0,"comment_status":"open","ping_status":"open","template":"","meta":{"inline_featured_image":false,"footnotes":""},"class_list":["post-4207","page","type-page","status-publish","hentry"],"yoast_head":"<!-- This site is optimized with the Yoast SEO plugin v27.4 - https:\/\/yoast.com\/product\/yoast-seo-wordpress\/ -->\n<title>Retours et \u00e9changes - Manba The Spicy Peanut Butter<\/title>\n<meta name=\"robots\" content=\"index, follow, max-snippet:-1, max-image-preview:large, max-video-preview:-1\" \/>\n<link rel=\"canonical\" href=\"https:\/\/manba.ca\/fr\/retours-et-echanges\/\" \/>\n<meta property=\"og:locale\" content=\"fr_CA\" \/>\n<meta property=\"og:type\" content=\"article\" \/>\n<meta property=\"og:title\" content=\"Retours et \u00e9changes - Manba The Spicy Peanut Butter\" \/>\n<meta property=\"og:description\" content=\"Retours et \u00e9changes Retours et \u00e9changes Notre politique dure 7\u00a0jours. Si 7\u00a0jours se sont \u00e9coul\u00e9s depuis votre achat, nous ne pouvons malheureusement pas vous offrir un \u00e9change. Nous n\u2019offrons pas de remboursement. Pour pouvoir b\u00e9n\u00e9ficier d\u2019un retour, votre article doit \u00eatre inutilis\u00e9 et dans le m\u00eame \u00e9tat o\u00f9 vous l\u2019avez re\u00e7u. Il doit \u00eatre \u00e9galement dans l\u2019emballage d\u2019origine. Pour effectuer un retour, vous devez nous pr\u00e9senter un re\u00e7u ou une preuve d\u2019achat. \u00c9changes (le cas \u00e9ch\u00e9ant) Nous rempla\u00e7ons un article seulement s\u2019il est d\u00e9fectueux ou endommag\u00e9. Si dans ce cas vous souhaitez l\u2019\u00e9changer contre le m\u00eame article, envoyez-nous un courriel \u00e0\u00a0info@manba.ca\u00a0et envoyez-nous votre article au\u00a0: 4029, rue de Bordeaux, Montr\u00e9al, Qu\u00e9bec\u00a0\u00a0H2K\u00a03Z4 Canada. Exp\u00e9dition Pour retourner un produit, vous devez l\u2019envoyer par la poste au\u00a0: 4029, rue de Bordeaux, Montreal, Qu\u00e9bec\u00a0\u00a0H2K\u00a03Z4 Canada. Il vous incombera de payer vos propres frais d\u2019exp\u00e9dition pour retourner votre article. Les co\u00fbts d\u2019exp\u00e9dition ne sont pas remboursables. Si vous recevez un remboursement, les frais de retour seront d\u00e9duits de celui-ci. En fonction de l\u2019endroit o\u00f9 vous vivez, le d\u00e9lai n\u00e9cessaire pour recevoir votre produit \u00e9chang\u00e9 peut varier. Vous devriez envisager d\u2019utiliser un service de livraison qui vous permet de suivre l\u2019envoi ou de souscrire \u00e0 une assurance de livraison. Nous ne garantissons pas que nous recevrons l\u2019article que vous nous retournez.\" \/>\n<meta property=\"og:url\" content=\"https:\/\/manba.ca\/fr\/retours-et-echanges\/\" \/>\n<meta property=\"og:site_name\" content=\"Manba The Spicy Peanut Butter\" \/>\n<meta property=\"article:publisher\" content=\"https:\/\/www.facebook.com\/manbaspicypeanutbutter\/\" \/>\n<meta property=\"article:modified_time\" content=\"2023-09-05T02:30:37+00:00\" \/>\n<meta name=\"twitter:card\" content=\"summary_large_image\" \/>\n<meta name=\"twitter:label1\" content=\"Estimation du temps de lecture\" \/>\n\t<meta name=\"twitter:data1\" content=\"2 minutes\" \/>\n<script type=\"application\/ld+json\" class=\"yoast-schema-graph\">{\"@context\":\"https:\\\/\\\/schema.org\",\"@graph\":[{\"@type\":\"WebPage\",\"@id\":\"https:\\\/\\\/manba.ca\\\/fr\\\/retours-et-echanges\\\/\",\"url\":\"https:\\\/\\\/manba.ca\\\/fr\\\/retours-et-echanges\\\/\",\"name\":\"Retours et \u00e9changes - Manba The Spicy Peanut Butter\",\"isPartOf\":{\"@id\":\"https:\\\/\\\/manba.ca\\\/fr\\\/#website\"},\"datePublished\":\"2019-04-15T13:44:28+00:00\",\"dateModified\":\"2023-09-05T02:30:37+00:00\",\"inLanguage\":\"fr-CA\",\"potentialAction\":[{\"@type\":\"ReadAction\",\"target\":[\"https:\\\/\\\/manba.ca\\\/fr\\\/retours-et-echanges\\\/\"]}]},{\"@type\":\"WebSite\",\"@id\":\"https:\\\/\\\/manba.ca\\\/fr\\\/#website\",\"url\":\"https:\\\/\\\/manba.ca\\\/fr\\\/\",\"name\":\"Manba The Spicy Peanut Butter\",\"description\":\"Manba is Spicy\",\"publisher\":{\"@id\":\"https:\\\/\\\/manba.ca\\\/fr\\\/#organization\"},\"potentialAction\":[{\"@type\":\"SearchAction\",\"target\":{\"@type\":\"EntryPoint\",\"urlTemplate\":\"https:\\\/\\\/manba.ca\\\/fr\\\/?s={search_term_string}\"},\"query-input\":{\"@type\":\"PropertyValueSpecification\",\"valueRequired\":true,\"valueName\":\"search_term_string\"}}],\"inLanguage\":\"fr-CA\"},{\"@type\":\"Organization\",\"@id\":\"https:\\\/\\\/manba.ca\\\/fr\\\/#organization\",\"name\":\"Dumornay Delis\",\"url\":\"https:\\\/\\\/manba.ca\\\/fr\\\/\",\"logo\":{\"@type\":\"ImageObject\",\"inLanguage\":\"fr-CA\",\"@id\":\"https:\\\/\\\/manba.ca\\\/fr\\\/#\\\/schema\\\/logo\\\/image\\\/\",\"url\":\"https:\\\/\\\/manba.ca\\\/wp-content\\\/uploads\\\/2019\\\/07\\\/Logo-manba-b.png\",\"contentUrl\":\"https:\\\/\\\/manba.ca\\\/wp-content\\\/uploads\\\/2019\\\/07\\\/Logo-manba-b.png\",\"width\":269,\"height\":120,\"caption\":\"Dumornay Delis\"},\"image\":{\"@id\":\"https:\\\/\\\/manba.ca\\\/fr\\\/#\\\/schema\\\/logo\\\/image\\\/\"},\"sameAs\":[\"https:\\\/\\\/www.facebook.com\\\/manbaspicypeanutbutter\\\/\",\"https:\\\/\\\/www.instagram.com\\\/manba.ca\\\/\"]}]}<\/script>\n<!-- \/ Yoast SEO plugin. -->","yoast_head_json":{"title":"Retours et \u00e9changes - Manba The Spicy Peanut Butter","robots":{"index":"index","follow":"follow","max-snippet":"max-snippet:-1","max-image-preview":"max-image-preview:large","max-video-preview":"max-video-preview:-1"},"canonical":"https:\/\/manba.ca\/fr\/retours-et-echanges\/","og_locale":"fr_CA","og_type":"article","og_title":"Retours et \u00e9changes - Manba The Spicy Peanut Butter","og_description":"Retours et \u00e9changes Retours et \u00e9changes Notre politique dure 7\u00a0jours. Si 7\u00a0jours se sont \u00e9coul\u00e9s depuis votre achat, nous ne pouvons malheureusement pas vous offrir un \u00e9change. Nous n\u2019offrons pas de remboursement. Pour pouvoir b\u00e9n\u00e9ficier d\u2019un retour, votre article doit \u00eatre inutilis\u00e9 et dans le m\u00eame \u00e9tat o\u00f9 vous l\u2019avez re\u00e7u. Il doit \u00eatre \u00e9galement dans l\u2019emballage d\u2019origine. Pour effectuer un retour, vous devez nous pr\u00e9senter un re\u00e7u ou une preuve d\u2019achat. \u00c9changes (le cas \u00e9ch\u00e9ant) Nous rempla\u00e7ons un article seulement s\u2019il est d\u00e9fectueux ou endommag\u00e9. Si dans ce cas vous souhaitez l\u2019\u00e9changer contre le m\u00eame article, envoyez-nous un courriel \u00e0\u00a0info@manba.ca\u00a0et envoyez-nous votre article au\u00a0: 4029, rue de Bordeaux, Montr\u00e9al, Qu\u00e9bec\u00a0\u00a0H2K\u00a03Z4 Canada. Exp\u00e9dition Pour retourner un produit, vous devez l\u2019envoyer par la poste au\u00a0: 4029, rue de Bordeaux, Montreal, Qu\u00e9bec\u00a0\u00a0H2K\u00a03Z4 Canada. Il vous incombera de payer vos propres frais d\u2019exp\u00e9dition pour retourner votre article. Les co\u00fbts d\u2019exp\u00e9dition ne sont pas remboursables. Si vous recevez un remboursement, les frais de retour seront d\u00e9duits de celui-ci. En fonction de l\u2019endroit o\u00f9 vous vivez, le d\u00e9lai n\u00e9cessaire pour recevoir votre produit \u00e9chang\u00e9 peut varier. Vous devriez envisager d\u2019utiliser un service de livraison qui vous permet de suivre l\u2019envoi ou de souscrire \u00e0 une assurance de livraison. Nous ne garantissons pas que nous recevrons l\u2019article que vous nous retournez.","og_url":"https:\/\/manba.ca\/fr\/retours-et-echanges\/","og_site_name":"Manba The Spicy Peanut Butter","article_publisher":"https:\/\/www.facebook.com\/manbaspicypeanutbutter\/","article_modified_time":"2023-09-05T02:30:37+00:00","twitter_card":"summary_large_image","twitter_misc":{"Estimation du temps de lecture":"2 minutes"},"schema":{"@context":"https:\/\/schema.org","@graph":[{"@type":"WebPage","@id":"https:\/\/manba.ca\/fr\/retours-et-echanges\/","url":"https:\/\/manba.ca\/fr\/retours-et-echanges\/","name":"Retours et \u00e9changes - Manba The Spicy Peanut Butter","isPartOf":{"@id":"https:\/\/manba.ca\/fr\/#website"},"datePublished":"2019-04-15T13:44:28+00:00","dateModified":"2023-09-05T02:30:37+00:00","inLanguage":"fr-CA","potentialAction":[{"@type":"ReadAction","target":["https:\/\/manba.ca\/fr\/retours-et-echanges\/"]}]},{"@type":"WebSite","@id":"https:\/\/manba.ca\/fr\/#website","url":"https:\/\/manba.ca\/fr\/","name":"Manba The Spicy Peanut Butter","description":"Manba is Spicy","publisher":{"@id":"https:\/\/manba.ca\/fr\/#organization"},"potentialAction":[{"@type":"SearchAction","target":{"@type":"EntryPoint","urlTemplate":"https:\/\/manba.ca\/fr\/?s={search_term_string}"},"query-input":{"@type":"PropertyValueSpecification","valueRequired":true,"valueName":"search_term_string"}}],"inLanguage":"fr-CA"},{"@type":"Organization","@id":"https:\/\/manba.ca\/fr\/#organization","name":"Dumornay Delis","url":"https:\/\/manba.ca\/fr\/","logo":{"@type":"ImageObject","inLanguage":"fr-CA","@id":"https:\/\/manba.ca\/fr\/#\/schema\/logo\/image\/","url":"https:\/\/manba.ca\/wp-content\/uploads\/2019\/07\/Logo-manba-b.png","contentUrl":"https:\/\/manba.ca\/wp-content\/uploads\/2019\/07\/Logo-manba-b.png","width":269,"height":120,"caption":"Dumornay Delis"},"image":{"@id":"https:\/\/manba.ca\/fr\/#\/schema\/logo\/image\/"},"sameAs":["https:\/\/www.facebook.com\/manbaspicypeanutbutter\/","https:\/\/www.instagram.com\/manba.ca\/"]}]}},"_links":{"self":[{"href":"https:\/\/manba.ca\/fr\/wp-json\/wp\/v2\/pages\/4207","targetHints":{"allow":["GET"]}}],"collection":[{"href":"https:\/\/manba.ca\/fr\/wp-json\/wp\/v2\/pages"}],"about":[{"href":"https:\/\/manba.ca\/fr\/wp-json\/wp\/v2\/types\/page"}],"author":[{"embeddable":true,"href":"https:\/\/manba.ca\/fr\/wp-json\/wp\/v2\/users\/1"}],"replies":[{"embeddable":true,"href":"https:\/\/manba.ca\/fr\/wp-json\/wp\/v2\/comments?post=4207"}],"version-history":[{"count":0,"href":"https:\/\/manba.ca\/fr\/wp-json\/wp\/v2\/pages\/4207\/revisions"}],"wp:attachment":[{"href":"https:\/\/manba.ca\/fr\/wp-json\/wp\/v2\/media?parent=4207"}],"curies":[{"name":"wp","href":"https:\/\/api.w.org\/{rel}","templated":true}]}}